{"id":1840,"date":"2021-06-07T08:47:13","date_gmt":"2021-06-07T08:47:13","guid":{"rendered":"https:\/\/dckbbz.hr\/arhiva\/?page_id=1840"},"modified":"2022-04-26T09:10:30","modified_gmt":"2022-04-26T09:10:30","slug":"2019-2","status":"publish","type":"page","link":"https:\/\/dckbbz.hr\/arhiva\/dckbbz\/planovi-i-izvjesca-dckbbz\/2019-2\/","title":{"rendered":"2019."},"content":{"rendered":"<h3><a href=\"https:\/\/dckbbz.hr\/arhiva\/wp-content\/uploads\/2022\/04\/planrada2019..pdf\" data-wplink-edit=\"true\">PLAN I PROGRAM RADA 2019.<\/a><\/h3>\n<h3><a href=\"https:\/\/dckbbz.hr\/arhiva\/wp-content\/uploads\/2022\/04\/fin.plan_.dck-bbz2019..pdf\">FINANCIJSKI PLAN 2019.<\/a><\/h3>\n<h3><a href=\"https:\/\/dckbbz.hr\/arhiva\/wp-content\/uploads\/2022\/04\/Fin.izvjestaj2019..pdf\">FINANCIJSKO IZVJE\u0160\u0106E 2019.<\/a><\/h3>\n<h3><a href=\"https:\/\/dckbbz.hr\/arhiva\/wp-content\/uploads\/2022\/02\/Izvjesce-o-radu-DCK-BBZ-2019..pdf\">IZVJE\u0160\u0106E O RADU 2019.<\/a><\/h3>\n<h3>&nbsp;<\/h3>\n","protected":false},"excerpt":{"rendered":"<p>PLAN I PROGRAM RADA 2019. FINANCIJSKI PLAN 2019. FINANCIJSKO IZVJE\u0160\u0106E 2019. IZVJE\u0160\u0106E O RADU 2019. &nbsp;<\/p>\n","protected":false},"author":10,"featured_media":0,"parent":52,"menu_order":0,"comment_status":"closed","ping_status":"closed","template":"","meta":{"ngg_post_thumbnail":0,"footnotes":""},"class_list":["post-1840","page","type-page","status-publish","hentry"],"_links":{"self":[{"href":"https:\/\/dckbbz.hr\/arhiva\/wp-json\/wp\/v2\/pages\/1840","targetHints":{"allow":["GET"]}}],"collection":[{"href":"https:\/\/dckbbz.hr\/arhiva\/wp-json\/wp\/v2\/pages"}],"about":[{"href":"https:\/\/dckbbz.hr\/arhiva\/wp-json\/wp\/v2\/types\/page"}],"author":[{"embeddable":true,"href":"https:\/\/dckbbz.hr\/arhiva\/wp-json\/wp\/v2\/users\/10"}],"replies":[{"embeddable":true,"href":"https:\/\/dckbbz.hr\/arhiva\/wp-json\/wp\/v2\/comments?post=1840"}],"version-history":[{"count":5,"href":"https:\/\/dckbbz.hr\/arhiva\/wp-json\/wp\/v2\/pages\/1840\/revisions"}],"predecessor-version":[{"id":2516,"href":"https:\/\/dckbbz.hr\/arhiva\/wp-json\/wp\/v2\/pages\/1840\/revisions\/2516"}],"up":[{"embeddable":true,"href":"https:\/\/dckbbz.hr\/arhiva\/wp-json\/wp\/v2\/pages\/52"}],"wp:attachment":[{"href":"https:\/\/dckbbz.hr\/arhiva\/wp-json\/wp\/v2\/media?parent=1840"}],"curies":[{"name":"wp","href":"https:\/\/api.w.org\/{rel}","templated":true}]}}