{"id":364,"date":"2017-10-16T17:06:51","date_gmt":"2017-10-16T17:06:51","guid":{"rendered":"https:\/\/dckbbz.hr\/arhiva\/?page_id=364"},"modified":"2021-09-28T10:14:38","modified_gmt":"2021-09-28T10:14:38","slug":"zaposlenici-gdck-cazma","status":"publish","type":"page","link":"https:\/\/dckbbz.hr\/arhiva\/cazma\/zaposlenici-gdck-cazma\/","title":{"rendered":"Zaposlenici GDCK \u010cazma"},"content":{"rendered":"<p><strong>Zaposlenici GDCK \u010cazma<\/strong><\/p>\n<p>Kristina Orlovi\u0107 \u2013 ravnateljica dru\u0161tva<\/p>\n<p>Marijan Sudarevi\u0107 \u2013 voditelj programa PUKSO<\/p>\n<p>Ljubica Modri\u0107 \u2013 gerontodoma\u0107ica<\/p>\n<p>Brankica Vuni\u0107 \u2013 gerontodoma\u0107ica<\/p>\n<p>Mirjana Bla\u017eekovi\u0107 \u2013 gerontodoma\u0107ica<\/p>\n<p>Milan Kataleni\u0107 \u2013 pomo\u0107ni radnik-gerontodoma\u0107in<\/p>\n","protected":false},"excerpt":{"rendered":"<p>Zaposlenici GDCK \u010cazma Kristina Orlovi\u0107 \u2013 ravnateljica dru\u0161tva Marijan Sudarevi\u0107 \u2013 voditelj programa PUKSO Ljubica Modri\u0107 \u2013 gerontodoma\u0107ica Brankica Vuni\u0107 \u2013 gerontodoma\u0107ica Mirjana Bla\u017eekovi\u0107 \u2013 gerontodoma\u0107ica Milan Kataleni\u0107 \u2013 pomo\u0107ni radnik-gerontodoma\u0107in<\/p>\n","protected":false},"author":3,"featured_media":0,"parent":381,"menu_order":0,"comment_status":"closed","ping_status":"closed","template":"","meta":{"ngg_post_thumbnail":0,"footnotes":""},"class_list":["post-364","page","type-page","status-publish","hentry"],"_links":{"self":[{"href":"https:\/\/dckbbz.hr\/arhiva\/wp-json\/wp\/v2\/pages\/364","targetHints":{"allow":["GET"]}}],"collection":[{"href":"https:\/\/dckbbz.hr\/arhiva\/wp-json\/wp\/v2\/pages"}],"about":[{"href":"https:\/\/dckbbz.hr\/arhiva\/wp-json\/wp\/v2\/types\/page"}],"author":[{"embeddable":true,"href":"https:\/\/dckbbz.hr\/arhiva\/wp-json\/wp\/v2\/users\/3"}],"replies":[{"embeddable":true,"href":"https:\/\/dckbbz.hr\/arhiva\/wp-json\/wp\/v2\/comments?post=364"}],"version-history":[{"count":2,"href":"https:\/\/dckbbz.hr\/arhiva\/wp-json\/wp\/v2\/pages\/364\/revisions"}],"predecessor-version":[{"id":1945,"href":"https:\/\/dckbbz.hr\/arhiva\/wp-json\/wp\/v2\/pages\/364\/revisions\/1945"}],"up":[{"embeddable":true,"href":"https:\/\/dckbbz.hr\/arhiva\/wp-json\/wp\/v2\/pages\/381"}],"wp:attachment":[{"href":"https:\/\/dckbbz.hr\/arhiva\/wp-json\/wp\/v2\/media?parent=364"}],"curies":[{"name":"wp","href":"https:\/\/api.w.org\/{rel}","templated":true}]}}