{"id":372,"date":"2017-10-16T17:09:37","date_gmt":"2017-10-16T17:09:37","guid":{"rendered":"https:\/\/dckbbz.hr\/arhiva\/?page_id=372"},"modified":"2022-08-03T08:51:44","modified_gmt":"2022-08-03T08:51:44","slug":"ustroj-drustva-gdck-cazma","status":"publish","type":"page","link":"https:\/\/dckbbz.hr\/arhiva\/cazma\/ustroj-drustva-gdck-cazma\/","title":{"rendered":"Ustroj GDCK \u010cazma"},"content":{"rendered":"<p style=\"text-align: center;\"><strong>Unutarnji ustroj GDCK \u010cazma<\/strong><\/p>\n<p style=\"text-align: center;\">Tijela GDCK \u010cazma za mandatno razdoblje 2021.-2025.<\/p>\n<p><strong>Skup\u0161tina<\/strong> (15 \u010dlanova):<\/p>\n<ol>\n<li>Goranka Halapa<\/li>\n<li>Gordana Jan\u010di\u0107<\/li>\n<li>Darko Turk<\/li>\n<li>Ivan \u0160afran<\/li>\n<li>Bernardina Mili\u0107<\/li>\n<li>Martina \u0160ari\u0107<\/li>\n<li>Vesna Bacalja<\/li>\n<li>Ivana Vojkovi\u0107<\/li>\n<li>Katica Pulpan<\/li>\n<li>Ivan \u0160egovi\u0107<\/li>\n<li>Kristina Orlovi\u0107<\/li>\n<li>Ivan Toma\u0161evi\u0107<\/li>\n<li>Nedeljka Ba\u0107ani<\/li>\n<li>Mirjana Bla\u017eekovi\u0107<\/li>\n<li>Branka Vuni\u0107<\/li>\n<\/ol>\n<p><strong>PREDSJEDNIK<\/strong><\/p>\n<ol>\n<li>Vesna Bacalja, dr. med. spec. pedijatrije<\/li>\n<\/ol>\n<p><strong>PODPREDSJEDNICI<\/strong><\/p>\n<ol>\n<li>Nedeljka Ba\u0107ani<\/li>\n<li>Ivana Vojkovi\u0107<\/li>\n<\/ol>\n<p><strong>ODBOR\u00a0<\/strong>(7 \u010dlanova)<\/p>\n<ol>\n<li>Ivan \u0160afran<\/li>\n<li>Darko Turk<\/li>\n<li>Bernardina Mili\u0107<\/li>\n<li>Vesna Bacalja<\/li>\n<li>Ivan Toma\u0161evi\u0107<\/li>\n<li>Nedeljka Ba\u0107ani<\/li>\n<li>Katica Pulpan<\/li>\n<\/ol>\n<p><strong>NADZORNI ODBOR\u00a0<\/strong>(3 \u010dlana)<\/p>\n<ol>\n<li>Darko Turk<\/li>\n<li>Bernardina Mili\u0107<\/li>\n<li>Ivan Toma\u0161evi\u0107<\/li>\n<\/ol>\n<p><strong>ZASTUPNIK U SKUP\u0160TINI HCK<\/strong><\/p>\n<ol>\n<li>Bacalja Vesna<\/li>\n<\/ol>\n<p><strong>ZASTUPNICI U SKUP\u0160TINI DCKBB\u017d<\/strong><\/p>\n<ol>\n<li>Kristina Orlovi\u0107<\/li>\n<li>Ivan Toma\u0161evi\u0107<\/li>\n<\/ol>\n<p><strong>OSOBE OVLA\u0160TENE ZA ZASTUPANJE<\/strong><\/p>\n<ol>\n<li>Vesna Bacalja<\/li>\n<li>Kristina Orlovi\u0107<\/li>\n<\/ol>\n","protected":false},"excerpt":{"rendered":"<p>Unutarnji ustroj GDCK \u010cazma Tijela GDCK \u010cazma za mandatno razdoblje 2021.-2025. Skup\u0161tina (15 \u010dlanova): Goranka Halapa Gordana Jan\u010di\u0107 Darko Turk Ivan \u0160afran Bernardina Mili\u0107 Martina \u0160ari\u0107 Vesna Bacalja Ivana Vojkovi\u0107 Katica Pulpan<a class=\"moretag\" href=\"https:\/\/dckbbz.hr\/arhiva\/cazma\/ustroj-drustva-gdck-cazma\/\">Read More&#8230;<\/a><\/p>\n","protected":false},"author":3,"featured_media":0,"parent":381,"menu_order":0,"comment_status":"closed","ping_status":"closed","template":"","meta":{"ngg_post_thumbnail":0,"footnotes":""},"class_list":["post-372","page","type-page","status-publish","hentry"],"_links":{"self":[{"href":"https:\/\/dckbbz.hr\/arhiva\/wp-json\/wp\/v2\/pages\/372","targetHints":{"allow":["GET"]}}],"collection":[{"href":"https:\/\/dckbbz.hr\/arhiva\/wp-json\/wp\/v2\/pages"}],"about":[{"href":"https:\/\/dckbbz.hr\/arhiva\/wp-json\/wp\/v2\/types\/page"}],"author":[{"embeddable":true,"href":"https:\/\/dckbbz.hr\/arhiva\/wp-json\/wp\/v2\/users\/3"}],"replies":[{"embeddable":true,"href":"https:\/\/dckbbz.hr\/arhiva\/wp-json\/wp\/v2\/comments?post=372"}],"version-history":[{"count":3,"href":"https:\/\/dckbbz.hr\/arhiva\/wp-json\/wp\/v2\/pages\/372\/revisions"}],"predecessor-version":[{"id":2662,"href":"https:\/\/dckbbz.hr\/arhiva\/wp-json\/wp\/v2\/pages\/372\/revisions\/2662"}],"up":[{"embeddable":true,"href":"https:\/\/dckbbz.hr\/arhiva\/wp-json\/wp\/v2\/pages\/381"}],"wp:attachment":[{"href":"https:\/\/dckbbz.hr\/arhiva\/wp-json\/wp\/v2\/media?parent=372"}],"curies":[{"name":"wp","href":"https:\/\/api.w.org\/{rel}","templated":true}]}}