{"id":381,"date":"2017-10-16T17:12:32","date_gmt":"2017-10-16T17:12:32","guid":{"rendered":"https:\/\/dckbbz.hr\/arhiva\/?page_id=381"},"modified":"2023-11-28T07:18:06","modified_gmt":"2023-11-28T07:18:06","slug":"cazma","status":"publish","type":"page","link":"https:\/\/dckbbz.hr\/arhiva\/cazma\/","title":{"rendered":"Op\u0107i podaci GDCK \u010cazma"},"content":{"rendered":"<p>Hrvatski Crveni kri\u017e Gradsko dru\u0161tvo Crvenog kri\u017ea \u010cazma skra\u0107eno<strong> GDCK \u010cazma<\/strong><br \/>\nAdresa: Milana Nova\u010di\u0107a 5<br \/>\nGrad: \u010cazma<br \/>\nPo\u0161tanski broj: 43 240<br \/>\n<strong>Ravnateljica: Kristina Orlovi\u0107<\/strong><br \/>\nTelefon: 043 771 148<br \/>\nFax: 043 771 148<br \/>\nE-mail: ckcazma@gmail.com<\/p>\n<p>Pravni status: <strong>UDRUGA<\/strong><\/p>\n<p>Oznaka djelatnosti:\u00a0<strong>ostale djelatnosti socijalne skrbi bez smje\u0161taja 8899<\/strong><\/p>\n<p><span style=\"color: #ff0000;\">Radno vrijeme GDCK \u010cazma: <strong>PON-PET od 7-15 sati<\/strong><\/span><\/p>\n","protected":false},"excerpt":{"rendered":"<p>Hrvatski Crveni kri\u017e Gradsko dru\u0161tvo Crvenog kri\u017ea \u010cazma skra\u0107eno GDCK \u010cazma Adresa: Milana Nova\u010di\u0107a 5 Grad: \u010cazma Po\u0161tanski broj: 43 240 Ravnateljica: Kristina Orlovi\u0107 Telefon: 043 771 148 Fax: 043 771 148<a class=\"moretag\" href=\"https:\/\/dckbbz.hr\/arhiva\/cazma\/\">Read More&#8230;<\/a><\/p>\n","protected":false},"author":3,"featured_media":0,"parent":0,"menu_order":0,"comment_status":"closed","ping_status":"closed","template":"","meta":{"ngg_post_thumbnail":0,"footnotes":""},"class_list":["post-381","page","type-page","status-publish","hentry"],"_links":{"self":[{"href":"https:\/\/dckbbz.hr\/arhiva\/wp-json\/wp\/v2\/pages\/381","targetHints":{"allow":["GET"]}}],"collection":[{"href":"https:\/\/dckbbz.hr\/arhiva\/wp-json\/wp\/v2\/pages"}],"about":[{"href":"https:\/\/dckbbz.hr\/arhiva\/wp-json\/wp\/v2\/types\/page"}],"author":[{"embeddable":true,"href":"https:\/\/dckbbz.hr\/arhiva\/wp-json\/wp\/v2\/users\/3"}],"replies":[{"embeddable":true,"href":"https:\/\/dckbbz.hr\/arhiva\/wp-json\/wp\/v2\/comments?post=381"}],"version-history":[{"count":3,"href":"https:\/\/dckbbz.hr\/arhiva\/wp-json\/wp\/v2\/pages\/381\/revisions"}],"predecessor-version":[{"id":3132,"href":"https:\/\/dckbbz.hr\/arhiva\/wp-json\/wp\/v2\/pages\/381\/revisions\/3132"}],"wp:attachment":[{"href":"https:\/\/dckbbz.hr\/arhiva\/wp-json\/wp\/v2\/media?parent=381"}],"curies":[{"name":"wp","href":"https:\/\/api.w.org\/{rel}","templated":true}]}}