{"id":385,"date":"2017-10-16T17:13:31","date_gmt":"2017-10-16T17:13:31","guid":{"rendered":"https:\/\/dckbbz.hr\/arhiva\/?page_id=385"},"modified":"2021-06-10T10:59:49","modified_gmt":"2021-06-10T10:59:49","slug":"grubisnopolje","status":"publish","type":"page","link":"https:\/\/dckbbz.hr\/arhiva\/grubisnopolje\/","title":{"rendered":"Op\u0107i podaci GDCK Grubi\u0161no Polje"},"content":{"rendered":"<p><strong>GDCK Grubi\u0161no Polje<\/strong><br \/>\nAdresa: 4. studenoga 1991. br. 1\/1<br \/>\nGrad: Grubi\u0161no Polje<br \/>\nPo\u0161tanski broj: 43 290<br \/>\nRavnatelj: Alenka Soldan<br \/>\nTelefon: 043 485 129<br \/>\nFax: 043 485 129<br \/>\nE-mail: hrvatski.crveni.kriz.grubisno.polje@bj.t-com.hr<\/p>\n","protected":false},"excerpt":{"rendered":"<p>GDCK Grubi\u0161no Polje Adresa: 4. studenoga 1991. br. 1\/1 Grad: Grubi\u0161no Polje Po\u0161tanski broj: 43 290 Ravnatelj: Alenka Soldan Telefon: 043 485 129 Fax: 043 485 129 E-mail: hrvatski.crveni.kriz.grubisno.polje@bj.t-com.hr<\/p>\n","protected":false},"author":3,"featured_media":0,"parent":0,"menu_order":0,"comment_status":"closed","ping_status":"closed","template":"","meta":{"ngg_post_thumbnail":0,"footnotes":""},"class_list":["post-385","page","type-page","status-publish","hentry"],"_links":{"self":[{"href":"https:\/\/dckbbz.hr\/arhiva\/wp-json\/wp\/v2\/pages\/385","targetHints":{"allow":["GET"]}}],"collection":[{"href":"https:\/\/dckbbz.hr\/arhiva\/wp-json\/wp\/v2\/pages"}],"about":[{"href":"https:\/\/dckbbz.hr\/arhiva\/wp-json\/wp\/v2\/types\/page"}],"author":[{"embeddable":true,"href":"https:\/\/dckbbz.hr\/arhiva\/wp-json\/wp\/v2\/users\/3"}],"replies":[{"embeddable":true,"href":"https:\/\/dckbbz.hr\/arhiva\/wp-json\/wp\/v2\/comments?post=385"}],"version-history":[{"count":2,"href":"https:\/\/dckbbz.hr\/arhiva\/wp-json\/wp\/v2\/pages\/385\/revisions"}],"predecessor-version":[{"id":1882,"href":"https:\/\/dckbbz.hr\/arhiva\/wp-json\/wp\/v2\/pages\/385\/revisions\/1882"}],"wp:attachment":[{"href":"https:\/\/dckbbz.hr\/arhiva\/wp-json\/wp\/v2\/media?parent=385"}],"curies":[{"name":"wp","href":"https:\/\/api.w.org\/{rel}","templated":true}]}}