{"id":457,"date":"2017-10-16T19:22:01","date_gmt":"2017-10-16T19:22:01","guid":{"rendered":"https:\/\/dckbbz.hr\/arhiva\/?page_id=457"},"modified":"2024-06-25T08:45:11","modified_gmt":"2024-06-25T08:45:11","slug":"planovi-i-izvjesca-gdck-bjelovar","status":"publish","type":"page","link":"https:\/\/dckbbz.hr\/arhiva\/bjelovar\/planovi-i-izvjesca-gdck-bjelovar\/","title":{"rendered":"Planovi i izvje\u0161\u0107a &#8211; GDCK Bjelovar"},"content":{"rendered":"<p><strong>2024. godina<\/strong><\/p>\n<ul>\n<li><span style=\"color: #000000;\"><a style=\"color: #000000;\" href=\"https:\/\/dckbbz.hr\/arhiva\/wp-content\/uploads\/2024\/06\/Upitnik-o-funcioniranju-za-2023.pdf\">Upitnik o funcioniranju sustava financijskog upravljanja i kontrola\u00a0 za 2023.<\/a><\/span><\/li>\n<li><span style=\"color: #000000;\"><a style=\"color: #000000;\" href=\"https:\/\/dckbbz.hr\/arhiva\/wp-content\/uploads\/2024\/06\/Izvjesce-Nadzornog-odbora-za-2023.-godinu.pdf\">Izvje\u0161\u0107e Nadzornog odbora za 2023. godinu<\/a><\/span><\/li>\n<li><span style=\"color: #000000;\"><a style=\"color: #000000;\" href=\"https:\/\/dckbbz.hr\/arhiva\/wp-content\/uploads\/2024\/06\/Izvjestaj-o-radu-za-2023.-godinu.pdf\">Izvje\u0161taj o radu GDCK Bjelovar za 2023. godinu<\/a><\/span><\/li>\n<li><span style=\"color: #000000;\"><a style=\"color: #000000;\" href=\"https:\/\/dckbbz.hr\/arhiva\/wp-content\/uploads\/2024\/06\/Financijski-izvjestaj-sa-31.12.2023.-godine.pdf\">Financijski izvje\u0161taj sa 31.12.2023. godine<\/a><\/span><\/li>\n<\/ul>\n<p><strong>2023. godina<\/strong><\/p>\n<ul style=\"list-style-type: square;\">\n<li><span style=\"color: #000000;\"><a style=\"color: #000000;\" href=\"https:\/\/dckbbz.hr\/arhiva\/wp-content\/uploads\/2023\/03\/Upitnik-o-funkcioniranju-sustava-financijskog-upravljanja-i-kontrola-za-2022.-godinu.pdf\">Upitnik o funkcioniranju sustava financijskog upravljanja i kontrola za 2022. godinu<\/a><\/span><\/li>\n<li><a href=\"https:\/\/dckbbz.hr\/arhiva\/wp-content\/uploads\/2023\/03\/izvjesce-o-radu-za-2022..pdf\"><span style=\"color: #000000;\">Izvje\u0161\u0107e<\/span> <span style=\"color: #000000;\">o radu GDCK Bjelovar za 2022. godinu<\/span><\/a><\/li>\n<li><span style=\"color: #000000;\"><a style=\"color: #000000;\" href=\"https:\/\/dckbbz.hr\/arhiva\/wp-content\/uploads\/2023\/03\/Izvjestaj-Nadzornog-odbora-za-2022.-godinu.pdf\">Izvje\u0161taj Nadzornog odbora za 2022. godinu<\/a><\/span><\/li>\n<li><span style=\"color: #000000;\"><a style=\"color: #000000;\" href=\"https:\/\/dckbbz.hr\/arhiva\/wp-content\/uploads\/2023\/03\/Finanicjski-izvjestaj-za-2022.-godinu.pdf\">Financijski izvje\u0161taj za 2022. godinu<\/a><\/span><\/li>\n<li><span style=\"color: #000000;\"><a style=\"color: #000000;\" href=\"https:\/\/dckbbz.hr\/arhiva\/wp-content\/uploads\/2024\/06\/Plan-nabave-za-2024.-godinu.pdf\">Plan nabave za 2024. godinu<\/a><\/span><\/li>\n<li><span style=\"color: #000000;\"><a style=\"color: #000000;\" href=\"https:\/\/dckbbz.hr\/arhiva\/wp-content\/uploads\/2024\/06\/Izmjene-i-dopune-financijskog-izvjestaja-za-2023.-godinu.pdf\">Izmjene i dopune financijskog izvje\u0161taja za 2023. godinu<\/a><\/span><\/li>\n<li><span style=\"color: #000000;\"><a style=\"color: #000000;\" href=\"https:\/\/dckbbz.hr\/arhiva\/wp-content\/uploads\/2024\/06\/Program-rada-za-2024.-godinu.pdf\">Program rada za 2024. godinu<\/a><\/span><\/li>\n<li><span style=\"color: #000000;\"><a style=\"color: #000000;\" href=\"https:\/\/dckbbz.hr\/arhiva\/wp-content\/uploads\/2024\/06\/Financijski-plan-za-2024.-godinu.pdf\">Financijski plan za 2024. godinu<\/a><\/span><\/li>\n<\/ul>\n<p><strong>2022. godina<\/strong><\/p>\n<ul>\n<li><span style=\"color: #000000;\"><a style=\"color: #000000;\" href=\"https:\/\/dckbbz.hr\/arhiva\/wp-content\/uploads\/2022\/05\/Upitnik-o-funkcioniranju-sustava-financijskog-upravljanja-i-kontrola-za-2021.pdf\">Upitnik o funkcioniranju sustava financijskog upravljanja i kontrola za 2021. godinu<\/a><\/span><\/li>\n<li><span style=\"color: #000000;\"><a style=\"color: #000000;\" href=\"https:\/\/dckbbz.hr\/arhiva\/wp-content\/uploads\/2022\/05\/Financijski-izvjestaj-za-2021.-godinu.pdf\">Financijski izvje\u0161taj za 2021. godinu<\/a><\/span><\/li>\n<li><span style=\"color: #000000;\"><a style=\"color: #000000;\" href=\"https:\/\/dckbbz.hr\/arhiva\/wp-content\/uploads\/2022\/06\/Izvjestaj-o-radu-GDCK-Bjelovar-za-2021.godinu.pdf\">Izvje\u0161taj o radu GDCK Bjelovar za 2021.godinu<\/a><\/span><\/li>\n<li><span style=\"color: #000000;\"><a style=\"color: #000000;\" href=\"https:\/\/dckbbz.hr\/arhiva\/wp-content\/uploads\/2022\/05\/Izvjesce-Nadzornog-odbora-za-2021.-godinu.pdf\">Izvje\u0161\u0107e Nadzornog odbora za 2021. godinu<\/a><\/span><\/li>\n<li><span style=\"color: #000000;\"><a style=\"color: #000000;\" href=\"https:\/\/dckbbz.hr\/arhiva\/wp-content\/uploads\/2023\/03\/Program-rada-za-2023.-godinu.pdf\">Program rada za 2023. godinu<\/a><\/span><\/li>\n<li><span style=\"color: #000000;\"><a style=\"color: #000000;\" href=\"https:\/\/dckbbz.hr\/arhiva\/wp-content\/uploads\/2023\/03\/Plan-nabave-za-2023.-godinu.pdf\">Plan nabave za 2023. godinu<\/a><\/span><\/li>\n<li><span style=\"color: #000000;\"><a style=\"color: #000000;\" href=\"https:\/\/dckbbz.hr\/arhiva\/wp-content\/uploads\/2023\/03\/Financijski-plan-za-2023.-godinu.pdf\">Financijski plan za 2023. godinu<\/a><\/span><\/li>\n<li><span style=\"color: #000000;\"><a style=\"color: #000000;\" href=\"https:\/\/dckbbz.hr\/arhiva\/wp-content\/uploads\/2023\/03\/Izmjene-i-dopune-financijskog-izvjestaja-za-2022.-godinu.pdf\">Izmjene i dopune financijskog izvje\u0161taja za 2022. godinu<\/a><\/span><\/li>\n<\/ul>\n<p><strong>2021. godina<\/strong><\/p>\n<ul>\n<li><span style=\"color: #000000;\"><a style=\"color: #000000;\" href=\"https:\/\/dckbbz.hr\/arhiva\/wp-content\/uploads\/2021\/03\/Izvjesce-o-radu-Gradskog-drustva-Crvenog-kriza-Bjelovar-za-2020.-godinu.pdf\">Izvje\u0161\u0107e o radu Gradskog dru\u0161tva Crvenog kri\u017ea Bjelovar za 2020. godinu<\/a><\/span><\/li>\n<li><span style=\"color: #000000;\"><a style=\"color: #000000;\" href=\"https:\/\/dckbbz.hr\/arhiva\/wp-content\/uploads\/2021\/03\/Izvjesce-Nadzornog-odbora-za-2020.-godinu.pdf\">Izvje\u0161\u0107e Nadzornog odbora za 2020. godinu<\/a><\/span><\/li>\n<li><span style=\"color: #000000;\"><a style=\"color: #000000;\" href=\"https:\/\/dckbbz.hr\/arhiva\/wp-content\/uploads\/2021\/03\/Upitnik-o-funkcioniranju-sustava-financijskog-upravljanja-i-kontrola-za-2020.-godinu.pdf\">Upitnik o funkcioniranju sustava financijskog upravljanja i kontrola za 2020. godinu<\/a><\/span><\/li>\n<li><span style=\"color: #000000;\"><a style=\"color: #000000;\" href=\"https:\/\/dckbbz.hr\/arhiva\/wp-content\/uploads\/2021\/03\/financijski-izvjestaj-za-2020.pdf\">Financijski izvje\u0161taj za 2020. godinu<\/a><\/span><\/li>\n<li><span style=\"color: #000000;\"><a style=\"color: #000000;\" href=\"https:\/\/dckbbz.hr\/arhiva\/wp-content\/uploads\/2022\/01\/Plan-nabave-za-2022.-godinu.pdf\">Plan nabave za 2022. godinu<\/a><\/span><\/li>\n<li><span style=\"color: #000000;\"><a style=\"color: #000000;\" href=\"https:\/\/dckbbz.hr\/arhiva\/wp-content\/uploads\/2022\/05\/Izmjene-i-dopune-financijskog-plana-za-2021..pdf\">Izmjene i dopune financijskog plana za 2021. godinu<\/a><\/span><\/li>\n<li><span style=\"color: #000000;\"><a style=\"color: #000000;\" href=\"https:\/\/dckbbz.hr\/arhiva\/wp-content\/uploads\/2022\/05\/Program-rada-za-2022.-godinu.pdf\">Program rada za 2022. godinu<\/a><\/span><\/li>\n<li><span style=\"color: #000000;\"><a style=\"color: #000000;\" href=\"https:\/\/dckbbz.hr\/arhiva\/wp-content\/uploads\/2022\/05\/Financijski-plan-za-2022.-godinu.pdf\">Financijski plan za 2022. godinu<\/a><\/span><\/li>\n<\/ul>\n<p><strong>2020. godina<\/strong><\/p>\n<ul>\n<li><span style=\"color: #000000;\"><a style=\"color: #000000;\" href=\"https:\/\/dckbbz.hr\/arhiva\/wp-content\/uploads\/2020\/07\/Izvje\u0161\u0107e-Nadzornog-odbora.pdf\">Izvje\u0161\u0107e Nadzornog odbora za 2019. godinu<\/a><\/span><\/li>\n<li><span style=\"color: #000000;\"><a style=\"color: #000000;\" href=\"https:\/\/dckbbz.hr\/arhiva\/wp-content\/uploads\/2020\/08\/Izvje\u0161taj-o-radu-za-2019.-godinu.pdf\">Izvje\u0161taj o radu za 2019. godinu<\/a><\/span><\/li>\n<li><span style=\"color: #000000;\"><a style=\"color: #000000;\" href=\"https:\/\/dckbbz.hr\/arhiva\/wp-content\/uploads\/2020\/08\/Financijski-izvje\u0161taj-za-2019.-godinu.pdf\">Financijski izvje\u0161taj za 2019. godinu<\/a><\/span><\/li>\n<li><span style=\"color: #000000;\"><a style=\"color: #000000;\" href=\"https:\/\/dckbbz.hr\/arhiva\/wp-content\/uploads\/2020\/07\/Upitnik-o-funkcioniranju-sustava-financijskog-upravljanja-i-kontrola-za-2019.-godinu.pdf\">Upitnik o funkcioniranju sustava financijskog upravljanja i kontrola za 2019. godinu<\/a><\/span><\/li>\n<li><span style=\"color: #000000;\"><a style=\"color: #000000;\" href=\"https:\/\/dckbbz.hr\/arhiva\/wp-content\/uploads\/2021\/03\/Program-rada-Gradskog-drustva-Crvenog-kriza-za-2021.-godinu-1.pdf\">Program rada Gradskog dru\u0161tva Crvenog kri\u017ea za 2021. godinu<\/a><\/span><\/li>\n<li><span style=\"color: #000000;\"><a style=\"color: #000000;\" href=\"https:\/\/dckbbz.hr\/arhiva\/wp-content\/uploads\/2021\/03\/Finanicjski-plan-za-2021.-godinu-.pdf\">Financijski plan za 2021. godinu<\/a><\/span><\/li>\n<li><span style=\"color: #000000;\"><a style=\"color: #000000;\" href=\"https:\/\/dckbbz.hr\/arhiva\/wp-content\/uploads\/2022\/01\/Plan-nabave-za-2021.-godinu.pdf\">Plan nabave za 2021. godinu<\/a><\/span><\/li>\n<\/ul>\n<p><strong>2019.<\/strong><\/p>\n<ul>\n<li><a href=\"https:\/\/dckbbz.hr\/arhiva\/wp-content\/uploads\/2020\/01\/Jasna20200114_092459.pdf\"><span style=\"color: #000000;\">Program rada Gradskog dru\u0161tva Crvenog kri\u017ea Bjelovar za 20<\/span><\/a><a href=\"https:\/\/dckbbz.hr\/arhiva\/wp-content\/uploads\/2020\/01\/Jasna20200114_092459.pdf\"><span style=\"color: #000000;\">20. godinu<\/span><\/a><\/li>\n<li><a style=\"font-size: inherit;\" href=\"https:\/\/dckbbz.hr\/arhiva\/wp-content\/uploads\/2020\/01\/Jasna20200114_094936.pdf\"><span style=\"color: #000000;\">Financijski plan za 2020. godinu<\/span><\/a><\/li>\n<li><a style=\"color: #000000;\" href=\"https:\/\/dckbbz.hr\/arhiva\/wp-content\/uploads\/2020\/01\/Jasna20200114_095505.pdf\">Financijski plan &#8211; rebalans za 2019. godinu<\/a><\/li>\n<li><a style=\"font-size: inherit;\" href=\"https:\/\/dckbbz.hr\/arhiva\/wp-content\/uploads\/2020\/01\/Jasna20200114_102338.pdf\"><span style=\"color: #000000;\">Izvje\u0161\u0107e Nadzornog odbora za 2018. godinu<\/span><\/a><\/li>\n<li><a style=\"color: #000000;\" href=\"https:\/\/dckbbz.hr\/arhiva\/wp-content\/uploads\/2020\/01\/Jasna20200114_092756.pdf\">Izvje\u0161taj o potro\u0161nji prora\u010dunskih sredstava za 2018. godinu<\/a><\/li>\n<li><a style=\"font-size: inherit;\" href=\"https:\/\/dckbbz.hr\/arhiva\/wp-content\/uploads\/2020\/01\/Jasna20200114_100613.pdf\"><span style=\"color: #000000;\">Financijski izvje\u0161taj za 2018. godinu<\/span><\/a><\/li>\n<li><a style=\"color: #000000;\" href=\"https:\/\/dckbbz.hr\/arhiva\/wp-content\/uploads\/2019\/07\/Izvje\u0161taj-o-radu-za-2018.g..docx\">Izvje\u0161taj o radu za 2018. godinu<\/a><\/li>\n<li><a style=\"color: #000000;\" href=\"https:\/\/dckbbz.hr\/arhiva\/wp-content\/uploads\/2020\/01\/Jasna20200114_103556.pdf\">Upitnik o funkcioniranju sustava financijskog upravljanja i kontrola za 2018. godinu<\/a><\/li>\n<\/ul>\n<p><strong>2018.<\/strong><\/p>\n<ul>\n<li><span style=\"font-family: arial, helvetica, sans-serif; color: #000000;\"><a style=\"color: #000000;\" href=\"https:\/\/dckbbz.hr\/arhiva\/wp-content\/uploads\/2018\/12\/Scan10001-1.pdf\">\u00a0<\/a><a style=\"color: #000000;\" href=\"https:\/\/dckbbz.hr\/arhiva\/wp-content\/uploads\/2018\/12\/Scan1-6-1.pdf\">Program rada za 2019. godinu<\/a><\/span><\/li>\n<li><a style=\"color: #000000;\" href=\"https:\/\/dckbbz.hr\/arhiva\/wp-content\/uploads\/2018\/12\/Scan10001-1.pdf\">Financijski plan &#8211; rebalans za 2018. godinu<\/a><\/li>\n<li><a style=\"color: #000000;\" href=\"https:\/\/dckbbz.hr\/arhiva\/wp-content\/uploads\/2018\/12\/Scan1-7.pdf\">Financijski plan za 2019. godinu<\/a><\/li>\n<li><a style=\"color: #000000;\" href=\"https:\/\/dckbbz.hr\/arhiva\/wp-content\/uploads\/2018\/12\/Scan1-13.pdf\">Program rada GDCK Bjelovar za 2018. godinu<\/a><\/li>\n<li><a style=\"color: #000000;\" href=\"https:\/\/dckbbz.hr\/arhiva\/wp-content\/uploads\/2018\/12\/Scan1.pdf\">Bilje\u0161ke uz financijske izvje\u0161taje za 2017. godinu<\/a><\/li>\n<li><a style=\"color: #000000;\" href=\"https:\/\/dckbbz.hr\/arhiva\/wp-content\/uploads\/2018\/12\/Scan10001.pdf\">Izvje\u0161\u0107e Nadzornog odbora za 2017. godinu<\/a><\/li>\n<li><a style=\"color: #000000;\" href=\"https:\/\/dckbbz.hr\/arhiva\/wp-content\/uploads\/2018\/11\/Scan1.pdf\">Financijski izvje\u0161taj za 2017. godinu<\/a><\/li>\n<li><a style=\"color: #000000; background-color: #ffffff;\" href=\"https:\/\/dckbbz.hr\/arhiva\/wp-content\/uploads\/2018\/03\/IZVJE\u0160TAJ-O-RADU-GRADSKOG-DRU\u0160TVA-CRVENOG-KRI\u017dA-BJELOVAR-OD-1.1.2017-do-31.12.2017.g..pdf\">Izvje\u0161taj o radu Gradskog dru\u0161tva Crvenog kri\u017ea Bjelovar za 2017.godinu<\/a><\/li>\n<li><a style=\"color: #000000;\" href=\"https:\/\/dckbbz.hr\/arhiva\/wp-content\/uploads\/2018\/12\/Scan1-17.pdf\">Upitnik o funkcioniranju sustava financijskog upravljanja i kontrola za 2017. godinu<\/a><\/li>\n<li><a style=\"font-size: inherit;\" href=\"https:\/\/dckbbz.hr\/arhiva\/wp-content\/uploads\/2018\/12\/Scan10002-2.pdf\"><span style=\"color: #000000; font-family: arial, helvetica, sans-serif;\">Izvje\u0161\u0107e o obavljenoj reviziji<\/span>\u00a0<\/a><\/li>\n<\/ul>\n<div><strong>2017.<\/strong><\/div>\n<div>\u00a0<\/div>\n<ul>\n<li><span style=\"font-family: arial, helvetica, sans-serif; color: #000000;\"><a style=\"color: #000000;\" href=\"https:\/\/dckbbz.hr\/arhiva\/wp-content\/uploads\/2018\/04\/PROGRAM-RADA-S-FINANCIJSKIM-PLANOM-ZA-za-2017.g..pdf\">Program rada s Financijskim planom za <\/a><\/span><span style=\"font-family: arial, helvetica, sans-serif; color: #000000;\"><a style=\"color: #000000;\" href=\"https:\/\/dckbbz.hr\/arhiva\/wp-content\/uploads\/2018\/04\/PROGRAM-RADA-S-FINANCIJSKIM-PLANOM-ZA-za-2017.g..pdf\">2017. godinu<\/a><\/span><\/li>\n<li><a style=\"color: #000000;\" href=\"https:\/\/dckbbz.hr\/arhiva\/wp-content\/uploads\/2018\/04\/I-ZVJE\u0160TAJ O RADU ZA 2016 g..pdf\">Izvje\u0161taj o radu za \u00a02016. godinu<\/a><\/li>\n<\/ul>\n\n","protected":false},"excerpt":{"rendered":"<p>2024. godina Upitnik o funcioniranju sustava financijskog upravljanja i kontrola\u00a0 za 2023. Izvje\u0161\u0107e Nadzornog odbora za 2023. godinu Izvje\u0161taj o radu GDCK Bjelovar za 2023. godinu Financijski izvje\u0161taj sa 31.12.2023. godine 2023.<a class=\"moretag\" href=\"https:\/\/dckbbz.hr\/arhiva\/bjelovar\/planovi-i-izvjesca-gdck-bjelovar\/\">Read More&#8230;<\/a><\/p>\n","protected":false},"author":3,"featured_media":0,"parent":343,"menu_order":0,"comment_status":"closed","ping_status":"closed","template":"","meta":{"ngg_post_thumbnail":0,"footnotes":""},"class_list":["post-457","page","type-page","status-publish","hentry"],"_links":{"self":[{"href":"https:\/\/dckbbz.hr\/arhiva\/wp-json\/wp\/v2\/pages\/457","targetHints":{"allow":["GET"]}}],"collection":[{"href":"https:\/\/dckbbz.hr\/arhiva\/wp-json\/wp\/v2\/pages"}],"about":[{"href":"https:\/\/dckbbz.hr\/arhiva\/wp-json\/wp\/v2\/types\/page"}],"author":[{"embeddable":true,"href":"https:\/\/dckbbz.hr\/arhiva\/wp-json\/wp\/v2\/users\/3"}],"replies":[{"embeddable":true,"href":"https:\/\/dckbbz.hr\/arhiva\/wp-json\/wp\/v2\/comments?post=457"}],"version-history":[{"count":46,"href":"https:\/\/dckbbz.hr\/arhiva\/wp-json\/wp\/v2\/pages\/457\/revisions"}],"predecessor-version":[{"id":3314,"href":"https:\/\/dckbbz.hr\/arhiva\/wp-json\/wp\/v2\/pages\/457\/revisions\/3314"}],"up":[{"embeddable":true,"href":"https:\/\/dckbbz.hr\/arhiva\/wp-json\/wp\/v2\/pages\/343"}],"wp:attachment":[{"href":"https:\/\/dckbbz.hr\/arhiva\/wp-json\/wp\/v2\/media?parent=457"}],"curies":[{"name":"wp","href":"https:\/\/api.w.org\/{rel}","templated":true}]}}