{"id":56,"date":"2017-09-01T21:09:33","date_gmt":"2017-09-01T21:09:33","guid":{"rendered":"https:\/\/dckbbz.hr\/arhiva\/?page_id=56"},"modified":"2022-02-21T13:05:18","modified_gmt":"2022-02-21T13:05:18","slug":"pravo-na-pristup-informacijama","status":"publish","type":"page","link":"https:\/\/dckbbz.hr\/arhiva\/dckbbz\/pravo-na-pristup-informacijama\/","title":{"rendered":"Pravo na pristup informacijama"},"content":{"rendered":"<p style=\"text-align: justify;\">Pravo na pristup informacijama koje posjeduje, raspola\u017ee ili nadzire Dru\u0161tvo Crvenog kri\u017ea Bjelovarsko-bilogorske \u017eupanije ure\u0111eno je Zakonom o pravu na pristup informacijama (NN 25\/13).&nbsp; Zakonom se propisuju i na\u010dela prava na pristup, izuzeci od prava na pristup te postupak za ostvarivanje i za\u0161titu prava na pristup informacijama. Cilj zakona je omogu\u0107iti i osigurati informaciju fizi\u010dkim i pravnim osobama putem otvorenosti i javnosti djelovanja tijela javne vlasti, sukladno zakonu.<\/p>\n<p style=\"text-align: justify;\">Pravo na pristup informacijama sukladno \u010dlanku 5. stavku 1. to\u010dki 5. Zakona \u201eobuhva\u0107a pravo korisnika na tra\u017eenje i dobivanje informacije, kao i obvezu tijela javne vlasti da omogu\u0107i pristup zatra\u017eenoj informaciji, odnosno da objavljuje informacije neovisno o postavljenom zahtjevu kada takvo objavljivanje proizlazi iz obveze odre\u0111ene zakonom ili drugim propisom\u201c.<\/p>\n<p style=\"text-align: justify;\">Informacija, u smislu navedenog Zakona (\u010dlanak 5. stavak 1. to\u010dka 3.), predstavlja \u201esvaki podatak koji posjeduje tijelo javne vlasti u obliku dokumenta, zapisa, dosjea, registra, neovisno o na\u010dinu na koji je prikazan (napisani, nacrtani, tiskani, snimljeni, magnetni, opti\u010dki, elektroni\u010dki ili neki drugi zapis), koji je tijelo izradilo samo ili u suradnji s drugim tijelima ili dobilo od druge osobe, a nastao je u okviru djelokruga ili u vezi s organizacijom i radom tijela javne vlasti\u201c.<\/p>\n<p style=\"text-align: justify;\">Ponovna uporaba informacija, u skladu s \u010dlankom 5. stavkom 1. to\u010dkom 6. Zakona \u201ezna\u010di uporabu informacija tijela javne vlasti od strane fizi\u010dkih ili pravnih osoba, u komercijalnu ili nekomercijalnu svrhu razli\u010ditu od izvorne svrhe za koju su informacije nastale, a koja se ostvaruje u okviru zakonom ili drugim propisom odre\u0111enog djelokruga ili posla koji se uobi\u010dajeno smatra javnim poslom. Razmjena informacija izme\u0111u tijela javne vlasti radi obavljanja poslova iz njihova djelokruga ne predstavlja ponovnu uporabu\u201c.<\/p>\n<p style=\"text-align: justify;\">Slu\u017ebenik za informiranje je Melita Lozina.<\/p>\n<p style=\"text-align: justify;\">Pravo na informaciju ostvaruje se podno\u0161enjem zahtjeva Dru\u0161tvu Crvenog kri\u017ea Bjelovarsko-bilogorske \u017eupanije:<\/p>\n<p style=\"text-align: justify;\">\u2013&nbsp;&nbsp;&nbsp;&nbsp;&nbsp;&nbsp;&nbsp;&nbsp;&nbsp; po\u0161tom na adresu: V. Nazora 13\/1, 43280 Gare\u0161nica<\/p>\n<p style=\"text-align: justify;\">\u2013&nbsp;&nbsp;&nbsp;&nbsp;&nbsp;&nbsp;&nbsp;&nbsp;&nbsp; putem telefona na broj: 043 531 156<\/p>\n<p style=\"text-align: justify;\">\u2013&nbsp;&nbsp;&nbsp;&nbsp;&nbsp;&nbsp;&nbsp;&nbsp;&nbsp; na fax broj: 043 531 156<\/p>\n<p style=\"text-align: justify;\">\u2013&nbsp;&nbsp;&nbsp;&nbsp;&nbsp;&nbsp;&nbsp;&nbsp;&nbsp; elektroni\u010dkom po\u0161tom na:&nbsp;<a href=\"mailto:ckgaresnica@gmail.com\">ckgaresnica@gmail.com<\/a><\/p>\n<p style=\"text-align: justify;\">Obrazac zahtjeva za pristup informacijama Dru\u0161tva Crvenog kri\u017ea Bjelovarsko-bilogorske \u017eupanije mo\u017eete skinuti na ovom linku.<\/p>\n<p style=\"text-align: justify;\">Tijelo javne vlasti ima pravo na naknadu stvarnih materijalnih tro\u0161kova od podnositelja zahtjeva u svezi s pru\u017eanjem i dostavom tra\u017eene informacije. Visina naknade za pristup informacijama i na\u010din naplate naknade propisani su&nbsp;Kriterijima za odre\u0111ivanje visine naknade stvarnih materijalnih tro\u0161kova i tro\u0161kova dostave informacije&nbsp;(NN 12\/2014)&nbsp;od 24. sije\u010dnja 2014. godine.<\/p>\n<hr>\n<p style=\"text-align: justify;\"><em>Obrazac zahtjeva za pristup informacijama<\/em> (<span style=\"color: #808080;\"><em>PDF 236 kb<\/em><\/span>)<br \/>\n<a href=\"https:\/\/dckbbz.hr\/arhiva\/wp-content\/uploads\/2017\/09\/Kriteriji-NN12-2014.pdf\" target=\"_blank\" rel=\"noopener\">Kriteriji za odre\u0111ivanje visine naknade stvarnih materijalnih tro\u0161kova i tro\u0161kova dostave informacije&nbsp;(NN 12\/2014)<\/a>&nbsp;(<span style=\"color: #808080;\"><em>PDF 116 kb<\/em><\/span>)<\/p>\n<hr>\n<p style=\"text-align: justify;\">&nbsp;<\/p>\n","protected":false},"excerpt":{"rendered":"<p>Pravo na pristup informacijama koje posjeduje, raspola\u017ee ili nadzire Dru\u0161tvo Crvenog kri\u017ea Bjelovarsko-bilogorske \u017eupanije ure\u0111eno je Zakonom o pravu na pristup informacijama (NN 25\/13).&nbsp; Zakonom se propisuju i na\u010dela prava na pristup,<a class=\"moretag\" href=\"https:\/\/dckbbz.hr\/arhiva\/dckbbz\/pravo-na-pristup-informacijama\/\">Read More&#8230;<\/a><\/p>\n","protected":false},"author":3,"featured_media":0,"parent":7,"menu_order":0,"comment_status":"closed","ping_status":"closed","template":"","meta":{"ngg_post_thumbnail":0,"footnotes":""},"class_list":["post-56","page","type-page","status-publish","hentry"],"_links":{"self":[{"href":"https:\/\/dckbbz.hr\/arhiva\/wp-json\/wp\/v2\/pages\/56","targetHints":{"allow":["GET"]}}],"collection":[{"href":"https:\/\/dckbbz.hr\/arhiva\/wp-json\/wp\/v2\/pages"}],"about":[{"href":"https:\/\/dckbbz.hr\/arhiva\/wp-json\/wp\/v2\/types\/page"}],"author":[{"embeddable":true,"href":"https:\/\/dckbbz.hr\/arhiva\/wp-json\/wp\/v2\/users\/3"}],"replies":[{"embeddable":true,"href":"https:\/\/dckbbz.hr\/arhiva\/wp-json\/wp\/v2\/comments?post=56"}],"version-history":[{"count":7,"href":"https:\/\/dckbbz.hr\/arhiva\/wp-json\/wp\/v2\/pages\/56\/revisions"}],"predecessor-version":[{"id":2305,"href":"https:\/\/dckbbz.hr\/arhiva\/wp-json\/wp\/v2\/pages\/56\/revisions\/2305"}],"up":[{"embeddable":true,"href":"https:\/\/dckbbz.hr\/arhiva\/wp-json\/wp\/v2\/pages\/7"}],"wp:attachment":[{"href":"https:\/\/dckbbz.hr\/arhiva\/wp-json\/wp\/v2\/media?parent=56"}],"curies":[{"name":"wp","href":"https:\/\/api.w.org\/{rel}","templated":true}]}}