{"id":104,"date":"2025-05-31T19:58:09","date_gmt":"2025-05-31T17:58:09","guid":{"rendered":"https:\/\/dckbbz.hr\/gdck-bjelovar\/?page_id=104"},"modified":"2025-05-31T20:03:22","modified_gmt":"2025-05-31T18:03:22","slug":"humanitarno-socijalna-pomoc-stanovnistvu","status":"publish","type":"page","link":"https:\/\/dckbbz.hr\/gdck-bjelovar\/humanitarno-socijalna-pomoc-stanovnistvu\/","title":{"rendered":"Humanitarno &#8211; socijalna pomo\u0107 stanovni\u0161tvu"},"content":{"rendered":"\t\t<div data-elementor-type=\"wp-page\" data-elementor-id=\"104\" class=\"elementor elementor-104\">\n\t\t\t\t<div class=\"elementor-element elementor-element-bd9437f e-flex e-con-boxed e-con e-parent\" data-id=\"bd9437f\" data-element_type=\"container\" data-e-type=\"container\">\n\t\t\t\t\t<div class=\"e-con-inner\">\n\t\t\t\t<div class=\"elementor-element elementor-element-1f11f66 elementor-widget elementor-widget-heading\" data-id=\"1f11f66\" data-element_type=\"widget\" data-e-type=\"widget\" data-widget_type=\"heading.default\">\n\t\t\t\t<div class=\"elementor-widget-container\">\n\t\t\t\t\t<h1 class=\"elementor-heading-title elementor-size-default\">Humanitarno - socijalna pomo\u0107 stanovni\u0161tvu<\/h1>\t\t\t\t<\/div>\n\t\t\t\t<\/div>\n\t\t\t\t<div class=\"elementor-element elementor-element-d113cf0 elementor-widget elementor-widget-text-editor\" data-id=\"d113cf0\" data-element_type=\"widget\" data-e-type=\"widget\" data-widget_type=\"text-editor.default\">\n\t\t\t\t<div class=\"elementor-widget-container\">\n\t\t\t\t\t\t\t\t\t<p>Zakonom o humanitarnoj pomo\u0107i (102\/15) definirani su novi uvjeti za prikupljanje i\npru\u017eanje humanitarne pomo\u0107i, a sukladno Zakonu i pripadaju\u0107im pravilnicima, GDCK Bjelovar\nima rje\u0161enje za stalnog prikupitelja humanitarne pomo\u0107i. Temelje za dobivanje dozvole bio\nje trogodi\u0161nji program iz podru\u010dja prikupljanja i pru\u017eanja humanitarne pomo\u0107i, a GDCK\nBjelovar redovito vodi evidencije svih korisnika kojima je pru\u017eena humanitarne pomo\u0107, te se\npodaci o korisnicima dostavljaju Uredu dr\u017eavne uprave u Bjelovarsko \u2014 bilogorskoj \u017eupaniji.\nRaspodjelu rabljene odje\u0107e i obu\u0107e organiziramo sukladno prikupljenim donacijama,\nkoju prikupljamo u Akciji Solidarnost na djelu, kao i od gra\u0111ana koji nam donose\ntijekom godine.<\/p>\n<ul>\n<li>Raspodjelu nove odje\u0107e i obu\u0107e organiziramo skladno prikupljenim donacijama, ili \u0161to\nsami kupimo<\/li>\n<li>Program pomo\u0107i u \u0161kolskom priboru, novoj odje\u0107i i obu\u0107i, dijelimo po\u010detkom \u0161kolske\ngodine od novaca prikupljenih u Akciji Solidarnost na djelu za u\u010denike osnovnih \u0161kola,\na uvjeti su nisko imovinsko prihodovno stanje obitelji, nedovoljna opskrbljenost\nu\u010denika obitelji s obilje\u017ejima siroma\u0161tva i vi\u0161e u\u010denika u obitelji<\/li>\n<li>Pomo\u0107 prehrambenim i higijenskim artiklima odvija se u nekoliko oblika; kroz Uskr\u0161nji\nprogram i Program Solidarnosti u Tjednu Solidarnosti ( uo\u010di Bo\u017ei\u0107a), kao i hitni paketi\nkoji se dijele tijekom godine, isklju\u010divo vlastitim sredstvima i sredstvima prikupljenim\nu trgova\u010dkom centru Kauflandu, gdje se tri puta tijekom godine postavlja Socijalna\nko\u0161arica.<\/li>\n<li>Pomo\u0107 za novoro\u0111en\u010de je pomo\u0107 namijenjena obiteljima korisnika pomo\u0107i za\nuzdr\u017eavanje i ostalim socijalno ugro\u017eenim obiteljima. Cilj je pomo\u0107i rodiljama,\nnajnu\u017enijim potrep\u0161tinama za novoro\u0111en\u010de, kao pelenama, dekama, \u0161tramplama,\n\u010darapama, vla\u017enim maramicama, \u0161amponima i sl.<\/li>\n<li>Ve\u0107 dugi niz godina GDCK Bjelovar provodi program Pomo\u0107 u uspostavi minimalnih\nuvjeta stanovanja, a cilj programa je zajedno s drugim subjektima posti\u0107i minimalne\nuvjete stanovanja, higijene i opremljenosti ku\u0107anstava manjeg broja najugro\u017eenijih\nobitelji. Po posebnim zamolbama obitelji ili udruga, pridru\u017eujemo se posebnim\nakcijama drugih institucija, kojima se saniraju izuzetno te\u0161ke stambene ili\negzistencijalne prilike pojedine obitelji.<\/li>\n<\/ul>\t\t\t\t\t\t\t\t<\/div>\n\t\t\t\t<\/div>\n\t\t\t\t\t<\/div>\n\t\t\t\t<\/div>\n\t\t\t\t<\/div>\n\t\t","protected":false},"excerpt":{"rendered":"<p>Humanitarno &#8211; socijalna pomo\u0107 stanovni\u0161tvu Zakonom o humanitarnoj pomo\u0107i (102\/15) definirani su novi uvjeti za prikupljanje i pru\u017eanje humanitarne pomo\u0107i, a sukladno Zakonu i pripadaju\u0107im pravilnicima, GDCK Bjelovar ima rje\u0161enje [&hellip;]<\/p>\n","protected":false},"author":1,"featured_media":0,"parent":0,"menu_order":0,"comment_status":"closed","ping_status":"closed","template":"elementor_header_footer","meta":{"ocean_post_layout":"","ocean_both_sidebars_style":"","ocean_both_sidebars_content_width":0,"ocean_both_sidebars_sidebars_width":0,"ocean_sidebar":"","ocean_second_sidebar":"","ocean_disable_margins":"enable","ocean_add_body_class":"","ocean_shortcode_before_top_bar":"","ocean_shortcode_after_top_bar":"","ocean_shortcode_before_header":"","ocean_shortcode_after_header":"","ocean_has_shortcode":"","ocean_shortcode_after_title":"","ocean_shortcode_before_footer_widgets":"","ocean_shortcode_after_footer_widgets":"","ocean_shortcode_before_footer_bottom":"","ocean_shortcode_after_footer_bottom":"","ocean_display_top_bar":"default","ocean_display_header":"default","ocean_header_style":"","ocean_center_header_left_menu":"","ocean_custom_header_template":"","ocean_custom_logo":0,"ocean_custom_retina_logo":0,"ocean_custom_logo_max_width":0,"ocean_custom_logo_tablet_max_width":0,"ocean_custom_logo_mobile_max_width":0,"ocean_custom_logo_max_height":0,"ocean_custom_logo_tablet_max_height":0,"ocean_custom_logo_mobile_max_height":0,"ocean_header_custom_menu":"","ocean_menu_typo_font_family":"","ocean_menu_typo_font_subset":"","ocean_menu_typo_font_size":0,"ocean_menu_typo_font_size_tablet":0,"ocean_menu_typo_font_size_mobile":0,"ocean_menu_typo_font_size_unit":"px","ocean_menu_typo_font_weight":"","ocean_menu_typo_font_weight_tablet":"","ocean_menu_typo_font_weight_mobile":"","ocean_menu_typo_transform":"","ocean_menu_typo_transform_tablet":"","ocean_menu_typo_transform_mobile":"","ocean_menu_typo_line_height":0,"ocean_menu_typo_line_height_tablet":0,"ocean_menu_typo_line_height_mobile":0,"ocean_menu_typo_line_height_unit":"","ocean_menu_typo_spacing":0,"ocean_menu_typo_spacing_tablet":0,"ocean_menu_typo_spacing_mobile":0,"ocean_menu_typo_spacing_unit":"","ocean_menu_link_color":"","ocean_menu_link_color_hover":"","ocean_menu_link_color_active":"","ocean_menu_link_background":"","ocean_menu_link_hover_background":"","ocean_menu_link_active_background":"","ocean_menu_social_links_bg":"","ocean_menu_social_hover_links_bg":"","ocean_menu_social_links_color":"","ocean_menu_social_hover_links_color":"","ocean_disable_title":"default","ocean_disable_heading":"default","ocean_post_title":"","ocean_post_subheading":"","ocean_post_title_style":"","ocean_post_title_background_color":"","ocean_post_title_background":0,"ocean_post_title_bg_image_position":"","ocean_post_title_bg_image_attachment":"","ocean_post_title_bg_image_repeat":"","ocean_post_title_bg_image_size":"","ocean_post_title_height":0,"ocean_post_title_bg_overlay":0.5,"ocean_post_title_bg_overlay_color":"","ocean_disable_breadcrumbs":"default","ocean_breadcrumbs_color":"","ocean_breadcrumbs_separator_color":"","ocean_breadcrumbs_links_color":"","ocean_breadcrumbs_links_hover_color":"","ocean_display_footer_widgets":"default","ocean_display_footer_bottom":"default","ocean_custom_footer_template":"","footnotes":""},"class_list":["post-104","page","type-page","status-publish","hentry","entry"],"_links":{"self":[{"href":"https:\/\/dckbbz.hr\/gdck-bjelovar\/wp-json\/wp\/v2\/pages\/104","targetHints":{"allow":["GET"]}}],"collection":[{"href":"https:\/\/dckbbz.hr\/gdck-bjelovar\/wp-json\/wp\/v2\/pages"}],"about":[{"href":"https:\/\/dckbbz.hr\/gdck-bjelovar\/wp-json\/wp\/v2\/types\/page"}],"author":[{"embeddable":true,"href":"https:\/\/dckbbz.hr\/gdck-bjelovar\/wp-json\/wp\/v2\/users\/1"}],"replies":[{"embeddable":true,"href":"https:\/\/dckbbz.hr\/gdck-bjelovar\/wp-json\/wp\/v2\/comments?post=104"}],"version-history":[{"count":3,"href":"https:\/\/dckbbz.hr\/gdck-bjelovar\/wp-json\/wp\/v2\/pages\/104\/revisions"}],"predecessor-version":[{"id":109,"href":"https:\/\/dckbbz.hr\/gdck-bjelovar\/wp-json\/wp\/v2\/pages\/104\/revisions\/109"}],"wp:attachment":[{"href":"https:\/\/dckbbz.hr\/gdck-bjelovar\/wp-json\/wp\/v2\/media?parent=104"}],"curies":[{"name":"wp","href":"https:\/\/api.w.org\/{rel}","templated":true}]}}