{"id":128,"date":"2025-05-31T21:09:19","date_gmt":"2025-05-31T19:09:19","guid":{"rendered":"https:\/\/dckbbz.hr\/gdck-bjelovar\/?page_id=128"},"modified":"2025-06-07T12:02:59","modified_gmt":"2025-06-07T10:02:59","slug":"prva-pomoc","status":"publish","type":"page","link":"https:\/\/dckbbz.hr\/gdck-bjelovar\/prva-pomoc\/","title":{"rendered":"Prva pomo\u0107"},"content":{"rendered":"\n<ol class=\"wp-block-list\">\n<li>TE\u010cAJEVI ZA VOZA\u010cE &#8211; Gradsko dru\u0161tvo Crvenog kri\u017ea Bjelovar u sklopu Prve pomo\u0107i kao najstarije<br>tradicionalne aktivnosti, na temelju Zakona o sigurnosti prometa na cestama (NN 67\/08, 48\/10,<br>74\/11, 80\/13, 158\/13) i Pravilnika Ministarstva zdravstva i socijalne skrbi o osposobljavanju kandidata<br>za voza\u010de vozila na motorni pogon iz nastavnog predmeta: Pru\u017eanje prve pomo\u0107i osobama<br>ozlije\u0111enim u prometnoj nezgodi (NN 78\/2009), te ostalim va\u017ee\u0107im Pravilnicima, provodi<br>osposobljavanje kandidata za voza\u010de iz nastavnog predmeta Pru\u017eanje prve pomo\u0107i osobama<br>ozlije\u0111enima u prometnoj nesre\u0107i.<br>Gradsko dru\u0161tvo Crvenog kri\u017ea Bjelovar Zakon obvezuje na slijede\u0107e:<br>e \u2014 Provo\u0111enje osposobljavanja iz nastavnog predmeta Pru\u017eanje prve pomo\u0107i od strane doktora<br>medicine koji je licencirani za izvo\u0111enje nastave<br>e Osiguranje potrebnog broja osposobljenih lije\u010dnika, prostora i nastavnih sredstava i opreme<br>za provedbu nastave te godi\u0161njeg plana i programa<br>e Priru\u010dnik iz prve pomo\u0107i<\/li>\n<\/ol>\n\n\n\n<ul class=\"wp-block-list\">\n<li>Provo\u0111enje nastave u trajanju od 9 sati ( dnevno 3 \u0161kolska sata )<\/li>\n\n\n\n<li>Vo\u0111enje sljede\u0107e evidencije; dnevnik rada s imenikom i mati\u010dnu knjigu<br>Nastava iz nastavnog predmeta Pru\u017eanja prve pomo\u0107i je obvezna, a mo\u017ee zapo\u010deti s kandidatom koji<br>je upisan u auto\u0161kolu. Gradsko dru\u0161tvo Crvenog kri\u017ea Bjelovar \u0107e kandidatu koji nastavlja<br>osposobljavanje u drugoj organizaciji izdati potvrdu o zavr\u0161enom dijelu programa<\/li>\n<\/ul>\n\n\n\n<ol class=\"wp-block-list\">\n<li>OSPOSOBLJAVANJE RADNIKA \u2014 Osposobljavanje radnika za pru\u017eanje prve pomo\u0107i za slu\u010daj<br>nesre\u0107e i povrede na radu, provodi se sukladno Zakonu o za\u0161titi na radu (NN71\/14, 118\/174, 154\/14)<br>i Pravilniku o pru\u017eanje prve pomo\u0107i radnicima na radu (NN56\/83) kojim je utvr\u0111en broj osoba<br>osposobljenih za pru\u017eanje prve pomo\u0107i na osobama ozlije\u0111enim na radu. Svaki poslodavac je,<br>sukladno Zakonu o za\u0161titi na radu du\u017ean organizirati i osigurati pru\u017eanje prve pomo\u0107i zaposlenicima<br>za slu\u010daj ozljede na radu ili iznenadne bolesti do njihovog upu\u0107ivanja na lije\u010denje zdravstvenoj<br>ustanovi. Nakon te\u010daja, Gradsko dru\u0161tvo Crvenog kri\u017ea Bjelovar, izdaje uvjerenje o osposobljenosti<br>radnika za pru\u017eanje prve pomo\u0107i na radu<\/li>\n\n\n\n<li>EDUKACIJA GRA\u0110ANA U PRU\u017dANJU PRVE POMO\u0106I \u2014 OBNOVA ZNANJA \u2014 Veliki broj gra\u0111ana<br>smatra kako je pru\u017eanje prve pomo\u0107i aktivnost ,, rezervirana samo za medicinske djelatnike, te da<br>osobe koje nisu zdravstvenog usmjerenja to ne bi trebale poznavati. Ste\u010deno znanje i vje\u0161tine<br>pru\u017eanja prve pomo\u0107i s vremenom se gube. Stoga je obnova znanja nu\u017ena kako bi se odr\u017eala kvaliteta<br>znanja koja omogu\u0107ava djelovanje u slu\u010daju potrebe pru\u017eanja prve pomo\u0107i.<br>Svi zainteresirani gra\u0111ani mogu nau\u010diti pru\u017eati prvu pomo\u0107 ili obnoviti ve\u0107e ste\u010deno znanje.<\/li>\n\n\n\n<li>EDUKACIJA DJECE RANE I PRED\u0160KOLSKE DOBI &#8211; Gradsko dru\u0161tvo Crvenog kri\u017ea Bjelovar, provodi<br>programa ,Humanost od malih nogu\u201c u dje\u010djim vrti\u0107ima, u sklopu kojeg odr\u017eavamo radionice<br>u dje\u010djim vrti\u0107ima na temu pru\u017eanje prve pomo\u0107i<\/li>\n\n\n\n<li>EDUKACIJA U\u010cENIKA OSNOVNIH I SREDNJIH \u0160KOLA U PRU\u017dANJU PRVE POMO\u0106I<br>Kontinuiranom edukacijom Gradsko dru\u0161tvo Crvenog kri\u017ea Bjelovar nastoji osposobiti \u0161to ve\u0107i broj<br>gra\u0111ana za pru\u017eanje prve pomo\u0107i u svim situacijama nastanka ozljeda i naglo nastupaju\u0107ih bolesti.<br>Gradsko dru\u0161tvo Crvenog kri\u017ea vr\u0161i edukaciju u\u010denika srednjih \u0161kola u pru\u017eanju prve pomo\u0107i putem<br>predavanja i radionica.<br>Dodatne informacije o te\u010dajevima Prve pomo\u0107i: 043\/244-806; 410-100 ili putem e-mail:<br>hck.bjelovar(Wgmail.com<\/li>\n<\/ol>\n","protected":false},"excerpt":{"rendered":"","protected":false},"author":1,"featured_media":0,"parent":0,"menu_order":0,"comment_status":"closed","ping_status":"closed","template":"","meta":{"ocean_post_layout":"full-width","ocean_both_sidebars_style":"","ocean_both_sidebars_content_width":0,"ocean_both_sidebars_sidebars_width":0,"ocean_sidebar":"","ocean_second_sidebar":"","ocean_disable_margins":"enable","ocean_add_body_class":"","ocean_shortcode_before_top_bar":"","ocean_shortcode_after_top_bar":"","ocean_shortcode_before_header":"","ocean_shortcode_after_header":"","ocean_has_shortcode":"","ocean_shortcode_after_title":"","ocean_shortcode_before_footer_widgets":"","ocean_shortcode_after_footer_widgets":"","ocean_shortcode_before_footer_bottom":"","ocean_shortcode_after_footer_bottom":"","ocean_display_top_bar":"default","ocean_display_header":"default","ocean_header_style":"","ocean_center_header_left_menu":"","ocean_custom_header_template":"","ocean_custom_logo":0,"ocean_custom_retina_logo":0,"ocean_custom_logo_max_width":0,"ocean_custom_logo_tablet_max_width":0,"ocean_custom_logo_mobile_max_width":0,"ocean_custom_logo_max_height":0,"ocean_custom_logo_tablet_max_height":0,"ocean_custom_logo_mobile_max_height":0,"ocean_header_custom_menu":"","ocean_menu_typo_font_family":"","ocean_menu_typo_font_subset":"","ocean_menu_typo_font_size":0,"ocean_menu_typo_font_size_tablet":0,"ocean_menu_typo_font_size_mobile":0,"ocean_menu_typo_font_size_unit":"px","ocean_menu_typo_font_weight":"","ocean_menu_typo_font_weight_tablet":"","ocean_menu_typo_font_weight_mobile":"","ocean_menu_typo_transform":"","ocean_menu_typo_transform_tablet":"","ocean_menu_typo_transform_mobile":"","ocean_menu_typo_line_height":0,"ocean_menu_typo_line_height_tablet":0,"ocean_menu_typo_line_height_mobile":0,"ocean_menu_typo_line_height_unit":"","ocean_menu_typo_spacing":0,"ocean_menu_typo_spacing_tablet":0,"ocean_menu_typo_spacing_mobile":0,"ocean_menu_typo_spacing_unit":"","ocean_menu_link_color":"","ocean_menu_link_color_hover":"","ocean_menu_link_color_active":"","ocean_menu_link_background":"","ocean_menu_link_hover_background":"","ocean_menu_link_active_background":"","ocean_menu_social_links_bg":"","ocean_menu_social_hover_links_bg":"","ocean_menu_social_links_color":"","ocean_menu_social_hover_links_color":"","ocean_disable_title":"default","ocean_disable_heading":"default","ocean_post_title":"","ocean_post_subheading":"","ocean_post_title_style":"","ocean_post_title_background_color":"","ocean_post_title_background":0,"ocean_post_title_bg_image_position":"","ocean_post_title_bg_image_attachment":"","ocean_post_title_bg_image_repeat":"","ocean_post_title_bg_image_size":"","ocean_post_title_height":0,"ocean_post_title_bg_overlay":0.5,"ocean_post_title_bg_overlay_color":"","ocean_disable_breadcrumbs":"default","ocean_breadcrumbs_color":"","ocean_breadcrumbs_separator_color":"","ocean_breadcrumbs_links_color":"","ocean_breadcrumbs_links_hover_color":"","ocean_display_footer_widgets":"default","ocean_display_footer_bottom":"default","ocean_custom_footer_template":"","footnotes":""},"class_list":["post-128","page","type-page","status-publish","hentry","entry"],"_links":{"self":[{"href":"https:\/\/dckbbz.hr\/gdck-bjelovar\/wp-json\/wp\/v2\/pages\/128","targetHints":{"allow":["GET"]}}],"collection":[{"href":"https:\/\/dckbbz.hr\/gdck-bjelovar\/wp-json\/wp\/v2\/pages"}],"about":[{"href":"https:\/\/dckbbz.hr\/gdck-bjelovar\/wp-json\/wp\/v2\/types\/page"}],"author":[{"embeddable":true,"href":"https:\/\/dckbbz.hr\/gdck-bjelovar\/wp-json\/wp\/v2\/users\/1"}],"replies":[{"embeddable":true,"href":"https:\/\/dckbbz.hr\/gdck-bjelovar\/wp-json\/wp\/v2\/comments?post=128"}],"version-history":[{"count":3,"href":"https:\/\/dckbbz.hr\/gdck-bjelovar\/wp-json\/wp\/v2\/pages\/128\/revisions"}],"predecessor-version":[{"id":280,"href":"https:\/\/dckbbz.hr\/gdck-bjelovar\/wp-json\/wp\/v2\/pages\/128\/revisions\/280"}],"wp:attachment":[{"href":"https:\/\/dckbbz.hr\/gdck-bjelovar\/wp-json\/wp\/v2\/media?parent=128"}],"curies":[{"name":"wp","href":"https:\/\/api.w.org\/{rel}","templated":true}]}}