{"id":151,"date":"2025-06-01T14:05:20","date_gmt":"2025-06-01T12:05:20","guid":{"rendered":"https:\/\/dckbbz.hr\/gdck-bjelovar\/?page_id=151"},"modified":"2025-06-10T21:24:15","modified_gmt":"2025-06-10T19:24:15","slug":"dokumenti","status":"publish","type":"page","link":"https:\/\/dckbbz.hr\/gdck-bjelovar\/dokumenti\/","title":{"rendered":"Dokumenti &#8211; GDCK Bjelovar"},"content":{"rendered":"\t\t<div data-elementor-type=\"wp-page\" data-elementor-id=\"151\" class=\"elementor elementor-151\">\n\t\t\t\t<div class=\"elementor-element elementor-element-4cf8339 e-flex e-con-boxed e-con e-parent\" data-id=\"4cf8339\" data-element_type=\"container\" data-e-type=\"container\">\n\t\t\t\t\t<div class=\"e-con-inner\">\n\t\t\t\t<div class=\"elementor-element elementor-element-a63d10a elementor-widget elementor-widget-text-editor\" data-id=\"a63d10a\" data-element_type=\"widget\" data-e-type=\"widget\" data-widget_type=\"text-editor.default\">\n\t\t\t\t<div class=\"elementor-widget-container\">\n\t\t\t\t\t\t\t\t\tKliknite na redak kako bi se prikazale informacije.\t\t\t\t\t\t\t\t<\/div>\n\t\t\t\t<\/div>\n\t\t\t\t<div class=\"elementor-element elementor-element-82d441c elementor-widget elementor-widget-shortcode\" data-id=\"82d441c\" data-element_type=\"widget\" data-e-type=\"widget\" data-widget_type=\"shortcode.default\">\n\t\t\t\t<div class=\"elementor-widget-container\">\n\t\t\t\t\t\t\t<div class=\"elementor-shortcode\"><div class=\"pa-accordion\">\n            <div class=\"pa-accordion-item\">\n                <button class=\"pa-toggle\" data-target=\"pa-content-442\">2025. godina<\/button>\n                <div id=\"pa-content-442\" class=\"pa-content\" style=\"display:none;\">\n                    \n<h2 class=\"wp-block-heading\">Sjednice Odbora GDCK Bjelovar u 2025. godini<\/h2>\n\n\n\n<ul class=\"wp-block-list\">\n<li><a href=\"https:\/\/dckbbz.hr\/gdck-bjelovar\/wp-content\/uploads\/sites\/2\/2025\/11\/1.-sjednica-Odbora.pdf\">Zapisnik sa Odbora GDCK Bjelovar od 03.01.2025. <\/a><\/li>\n\n\n\n<li><a href=\"https:\/\/dckbbz.hr\/gdck-bjelovar\/wp-content\/uploads\/sites\/2\/2025\/11\/2.-sjednica-Odbora.pdf\">Zapisnik sa Odbora GDCK Bjelovar od 22.01.2025.<\/a><\/li>\n\n\n\n<li><a href=\"https:\/\/dckbbz.hr\/gdck-bjelovar\/wp-content\/uploads\/sites\/2\/2025\/11\/3.-sjednica-Odbora.pdf\">Zapisnik sa Odbora GDCK Bjelovar od 20.02.2025.<\/a><\/li>\n\n\n\n<li><a href=\"https:\/\/dckbbz.hr\/gdck-bjelovar\/wp-content\/uploads\/sites\/2\/2025\/11\/4.-sjednica-Odbora.pdf\">Zapisnik sa Odbora GDCK Bjelovar od 27.03.2025.<\/a><\/li>\n\n\n\n<li><a href=\"https:\/\/dckbbz.hr\/gdck-bjelovar\/wp-content\/uploads\/sites\/2\/2025\/11\/5.-sjednica-Odbora.pdf\">Zapisnik sa Odbora GDCK Bjelovar od 09.06.2025<\/a><\/li>\n\n\n\n<li><a href=\"https:\/\/dckbbz.hr\/gdck-bjelovar\/wp-content\/uploads\/sites\/2\/2025\/11\/6.-sjednica-Odbora.pdf\">Zapisnik sa Odbora GDCK Bjelovar od 26.06.2025.<\/a><\/li>\n\n\n\n<li><a href=\"https:\/\/dckbbz.hr\/gdck-bjelovar\/wp-content\/uploads\/sites\/2\/2025\/11\/7.-sjednica-Odbora.pdf\">Zapisnik sa Odbora GDCK Bjelovar od 03.07.2025.<\/a><\/li>\n\n\n\n<li><a href=\"https:\/\/dckbbz.hr\/gdck-bjelovar\/wp-content\/uploads\/sites\/2\/2025\/11\/8.-sjednica-Odbora.pdf\">Zapisnik sa Odbora GDCK Bjelovar od 01.08.2025<\/a><\/li>\n\n\n\n<li><a href=\"https:\/\/dckbbz.hr\/gdck-bjelovar\/wp-content\/uploads\/sites\/2\/2025\/11\/9.-sjednica-Odbora.pdf\">Zapisnik sa Odbora GDCK Bjelovar od 30.10.2025.<\/a><\/li>\n<\/ul>\n\n\n\n<h2 class=\"wp-block-heading\">Sjednice Skup\u0161tine GDCK Bjelovar u 2025. godini<\/h2>\n\n\n\n<ul class=\"wp-block-list\">\n<li><a href=\"https:\/\/dckbbz.hr\/gdck-bjelovar\/wp-content\/uploads\/sites\/2\/2025\/11\/1.-sjednica-Skupstine.pdf\">Zapisnik sa Skup\u0161tine GDCK Bjelovar od 27.03.2025.<\/a><\/li>\n\n\n\n<li><a href=\"https:\/\/dckbbz.hr\/gdck-bjelovar\/wp-content\/uploads\/sites\/2\/2025\/11\/2.-sjednica-Skupstine.pdf\">Zapisnik sa Skup\u0161tine GDCK Bjelovar od 12.06.2025. <\/a><\/li>\n<\/ul>\n\n                <\/div>\n            <\/div>\n            <div class=\"pa-accordion-item\">\n                <button class=\"pa-toggle\" data-target=\"pa-content-220\">Zakoni i propisi<\/button>\n                <div id=\"pa-content-220\" class=\"pa-content\" style=\"display:none;\">\n                    \n<ul class=\"wp-block-list\">\n<li><a href=\"https:\/\/www.zakon.hr\/z\/261\/zakon-o-hrvatskom-crvenom-krizu\" data-type=\"link\" data-id=\"https:\/\/www.zakon.hr\/z\/261\/zakon-o-hrvatskom-crvenom-krizu\" target=\"_blank\" rel=\"noreferrer noopener\">Zakon o Hrvatskom Crvenom kri\u017eu<\/a><\/li>\n\n\n\n<li><a href=\"https:\/\/www.zakon.hr\/z\/64\/zakon-o-udrugama\" data-type=\"link\" data-id=\"https:\/\/www.zakon.hr\/z\/64\/zakon-o-udrugama\" target=\"_blank\" rel=\"noreferrer noopener\">Zakon o udrugama<\/a><\/li>\n\n\n\n<li><a href=\"https:\/\/narodne-novine.nn.hr\/clanci\/sluzbeni\/full\/2025_02_21_198.html\" data-type=\"link\" data-id=\"https:\/\/narodne-novine.nn.hr\/clanci\/sluzbeni\/full\/2025_02_21_198.html\" target=\"_blank\" rel=\"noreferrer noopener\">Statut Hrvatskoga Crvenog kri\u017ea<\/a><\/li>\n\n\n\n<li><a href=\"https:\/\/dckbbz.hr\/gdck-bjelovar\/wp-content\/uploads\/sites\/2\/2025\/06\/STATUT-GRADSKOG-DRUSTVA-CRVENOG-KRIZA-BJELOVAR-2018.g.pdf\" data-type=\"attachment\" data-id=\"229\" target=\"_blank\" rel=\"noreferrer noopener\">Statut GDCK Bjelovar<\/a><\/li>\n\n\n\n<li><a href=\"https:\/\/www.hck.hr\/UserDocsImages\/dokumenti\/Pristup%20informacijama\/Dokumenti,%20zakonski%20i%20podzakonski%20akti\/Eti%C4%8Dki%20kodeks%20HCK,%2015.12.20.pdf?vel=1462698\" data-type=\"link\" data-id=\"https:\/\/www.hck.hr\/UserDocsImages\/dokumenti\/Pristup%20informacijama\/Dokumenti,%20zakonski%20i%20podzakonski%20akti\/Eti%C4%8Dki%20kodeks%20HCK,%2015.12.20.pdf?vel=1462698\" target=\"_blank\" rel=\"noreferrer noopener\">Eti\u010dki kodeks HCK<\/a><\/li>\n\n\n\n<li><a href=\"https:\/\/narodne-novine.nn.hr\/clanci\/sluzbeni\/2011_02_18_322.html\" data-type=\"link\" data-id=\"https:\/\/narodne-novine.nn.hr\/clanci\/sluzbeni\/2011_02_18_322.html\" target=\"_blank\" rel=\"noreferrer noopener\">Pravilnik o na\u010dinima i rokovima pla\u0107anja sredstava iz prihoda jedinica lokalne (podru\u010dne) samouprave za rad ustrojstvenih oblika HCK<\/a><\/li>\n\n\n\n<li><a href=\"https:\/\/dckbbz.hr\/gdck-bjelovar\/wp-content\/uploads\/sites\/2\/2025\/06\/pravilnik_o_izborima_u_HCK.pdf\" data-type=\"attachment\" data-id=\"226\" target=\"_blank\" rel=\"noreferrer noopener\">Pravilnik o izborima u HCK<\/a><\/li>\n\n\n\n<li><a href=\"https:\/\/dckbbz.hr\/gdck-bjelovar\/wp-content\/uploads\/sites\/2\/2025\/06\/pravilnik-o-volontiranju-u-hrvatskom-crvenom-krizu.pdf\" data-type=\"attachment\" data-id=\"228\" target=\"_blank\" rel=\"noreferrer noopener\">Pravilnik o volontiranju u HCK<\/a><\/li>\n\n\n\n<li><a href=\"https:\/\/dckbbz.hr\/gdck-bjelovar\/wp-content\/uploads\/sites\/2\/2025\/06\/Pravilnik-o-radu-mladih-Hrvatskog-Crvenog-kriza.pdf\" data-type=\"attachment\" data-id=\"227\" target=\"_blank\" rel=\"noreferrer noopener\">Pravilnik o radu mladih HCK<\/a><\/li>\n\n\n\n<li><a href=\"https:\/\/dckbbz.hr\/gdck-bjelovar\/wp-content\/uploads\/sites\/2\/2025\/06\/Odluka_o_imenovanju_sluzbenika_za_informiranje.pdf\" data-type=\"attachment\" data-id=\"223\" target=\"_blank\" rel=\"noreferrer noopener\">Odluka o imenovanju slu\u017ebenika za informiranje<\/a><\/li>\n\n\n\n<li><a href=\"https:\/\/dckbbz.hr\/gdck-bjelovar\/wp-content\/uploads\/sites\/2\/2025\/06\/Pravila_zastite_osobnih_podataka_i_privatnosti.pdf\" data-type=\"attachment\" data-id=\"224\" target=\"_blank\" rel=\"noreferrer noopener\">Pravila za\u0161tite osobnih podataka i privatnosti<\/a><\/li>\n\n\n\n<li><a href=\"https:\/\/dckbbz.hr\/gdck-bjelovar\/wp-content\/uploads\/sites\/2\/2025\/06\/Pravila-za-upravljanje-dokumentarnim-gradivom-GDCK-Bjelovar.pdf\" data-type=\"attachment\" data-id=\"225\" target=\"_blank\" rel=\"noreferrer noopener\">Pravila za upravljanje dokumentarnim gradivom GDCK Bjelovar<\/a><\/li>\n<\/ul>\n\n\n\n<p><\/p>\n\n                <\/div>\n            <\/div>\n            <div class=\"pa-accordion-item\">\n                <button class=\"pa-toggle\" data-target=\"pa-content-211\">2024.<\/button>\n                <div id=\"pa-content-211\" class=\"pa-content\" style=\"display:none;\">\n                    \n<h3 class=\"wp-block-heading\">Sjednice Odbora GDCK Bjelovar u 2024. godini<\/h3>\n\n\n\n<ul class=\"wp-block-list\">\n<li><a href=\"https:\/\/dckbbz.hr\/gdck-bjelovar\/wp-content\/uploads\/sites\/2\/2025\/06\/Zapisnik-sa-sjednice-Odbora-21.03.2024.-godine.pdf\" data-type=\"attachment\" data-id=\"215\" target=\"_blank\" rel=\"noreferrer noopener\">Zapisnik sa sjednice Odbora 21.03.2024. godine<\/a><\/li>\n\n\n\n<li><a href=\"https:\/\/dckbbz.hr\/gdck-bjelovar\/wp-content\/uploads\/sites\/2\/2025\/06\/Zapisnik-sa-telefonske-sjednice-Odbora-odrzane-dana-09.04.2024.-godine.pdf\" data-type=\"attachment\" data-id=\"218\" target=\"_blank\" rel=\"noreferrer noopener\">Zapisnik sa telefonske sjednice Odbora od 09.04.2024. godine<\/a><\/li>\n\n\n\n<li><a href=\"https:\/\/dckbbz.hr\/gdck-bjelovar\/wp-content\/uploads\/sites\/2\/2025\/06\/Zapisnik-sa-3.-sjednica-Odbora.pdf\" data-type=\"attachment\" data-id=\"213\" target=\"_blank\" rel=\"noreferrer noopener\">Zapisnik sa sjednica Odbora 29.04.2024. godine<\/a><\/li>\n\n\n\n<li><a href=\"https:\/\/dckbbz.hr\/gdck-bjelovar\/wp-content\/uploads\/sites\/2\/2025\/06\/Zapisnik-sa-4.-sjednice-odbora.pdf\" data-type=\"attachment\" data-id=\"214\" target=\"_blank\" rel=\"noreferrer noopener\">Zapisnik sa telefonske sjednice Odbora od 10.07.2024. godine<\/a><\/li>\n\n\n\n<li><a href=\"https:\/\/dckbbz.hr\/gdck-bjelovar\/wp-content\/uploads\/sites\/2\/2025\/06\/Zapisnik-sa-telefonske-sjednice-od-20.08.2024.-godine.pdf\" data-type=\"attachment\" data-id=\"217\" target=\"_blank\" rel=\"noreferrer noopener\">Zapisnik sa telefonske sjednice Odbora od 20.08.2024. godine<\/a><\/li>\n\n\n\n<li><a href=\"https:\/\/dckbbz.hr\/gdck-bjelovar\/wp-content\/uploads\/sites\/2\/2025\/11\/05.09.2024.pdf\" data-type=\"attachment\" data-id=\"382\">Zapisnik sa sjednice Odbora 05.09.2024. godine<\/a><\/li>\n\n\n\n<li><a href=\"https:\/\/dckbbz.hr\/gdck-bjelovar\/wp-content\/uploads\/sites\/2\/2025\/11\/08.10.2024.pdf\" data-type=\"attachment\" data-id=\"383\">Zapisnik sa telefonske sjednice Odbora 08.10.2024. godine<\/a><\/li>\n\n\n\n<li><a href=\"https:\/\/dckbbz.hr\/gdck-bjelovar\/wp-content\/uploads\/sites\/2\/2025\/11\/17.12.2024.pdf\" data-type=\"attachment\" data-id=\"384\">Zapisnik sa sjednice Odbora 17.12.2025. godine<\/a><\/li>\n<\/ul>\n\n\n\n<h3 class=\"wp-block-heading\">Sjednice Skup\u0161tine GDCK Bjelovar u 2024. godini<\/h3>\n\n\n\n<ul class=\"wp-block-list\">\n<li><a href=\"https:\/\/dckbbz.hr\/gdck-bjelovar\/wp-content\/uploads\/sites\/2\/2025\/06\/Zapisnik-sa-sjednice-Skupstine-odrzane-21.03.2024.-godine.pdf\" data-type=\"attachment\" data-id=\"216\" target=\"_blank\" rel=\"noreferrer noopener\">Zapisnik sa sjednice Skup\u0161tine odr\u017eane 21.03.2024. godine<\/a><\/li>\n\n\n\n<li><a href=\"https:\/\/dckbbz.hr\/gdck-bjelovar\/wp-content\/uploads\/sites\/2\/2025\/11\/Zapisnik-sa-sjednice-Skupstine-odrzane-17.12.2024.-godine.pdf\" data-type=\"attachment\" data-id=\"387\">Zapisnik sa sjednice Skup\u0161tine odr\u017eane 17.12.2024. godine<\/a><\/li>\n<\/ul>\n\n\n\n<p><\/p>\n\n                <\/div>\n            <\/div>\n            <div class=\"pa-accordion-item\">\n                <button class=\"pa-toggle\" data-target=\"pa-content-203\">2023.<\/button>\n                <div id=\"pa-content-203\" class=\"pa-content\" style=\"display:none;\">\n                    \n<h3 class=\"wp-block-heading\">Sjednice Odbora GDCK Bjelovar u 2023. godini<\/h3>\n\n\n\n<ul class=\"wp-block-list\">\n<li><a href=\"https:\/\/dckbbz.hr\/gdck-bjelovar\/wp-content\/uploads\/sites\/2\/2025\/06\/Zapisnik-sa-sjednice-Odbora-27.02.2023.pdf\" data-type=\"attachment\" data-id=\"206\" target=\"_blank\" rel=\"noreferrer noopener\">Zapisnik sa sjednice Odbora 27.02.2023.<\/a><\/li>\n\n\n\n<li><a href=\"https:\/\/dckbbz.hr\/gdck-bjelovar\/wp-content\/uploads\/sites\/2\/2025\/06\/Zapisnik-sa-sjednice-Odbora-13.06.2023.pdf\" data-type=\"attachment\" data-id=\"205\" target=\"_blank\" rel=\"noreferrer noopener\">Zapisnik sa sjednice Odbora 13.06.2023.<\/a><\/li>\n\n\n\n<li><a href=\"https:\/\/dckbbz.hr\/gdck-bjelovar\/wp-content\/uploads\/sites\/2\/2025\/06\/Zapisnik-sa-Odbora-28.08.2023.pdf\" data-type=\"attachment\" data-id=\"204\" target=\"_blank\" rel=\"noreferrer noopener\">Zapisnik sa sjednice Odbora 28.08.2023.<\/a><\/li>\n\n\n\n<li><a href=\"https:\/\/dckbbz.hr\/gdck-bjelovar\/wp-content\/uploads\/sites\/2\/2025\/06\/Zapisnik-sa-sjednice-Odbora-odrzane-15.12.2023.pdf\" data-type=\"attachment\" data-id=\"207\" target=\"_blank\" rel=\"noreferrer noopener\">Zapisnik sa sjednice Odbora 15.12.2023.<\/a><\/li>\n<\/ul>\n\n\n\n<h3 class=\"wp-block-heading\">Sjednice Skup\u0161tine GDCK Bjelovar u 2023. godini<\/h3>\n\n\n\n<ul class=\"wp-block-list\">\n<li><a href=\"https:\/\/dckbbz.hr\/gdck-bjelovar\/wp-content\/uploads\/sites\/2\/2025\/06\/Zapisnik-sa-sjednice-Skupstine-27.02.2023.pdf\" data-type=\"attachment\" data-id=\"209\" target=\"_blank\" rel=\"noreferrer noopener\">Zapisnik sa sjednice Skup\u0161tine 27.02.2023.<\/a><\/li>\n\n\n\n<li><a href=\"https:\/\/dckbbz.hr\/gdck-bjelovar\/wp-content\/uploads\/sites\/2\/2025\/06\/Zapisnik-sa-sjednice-Skupstine-15.12.2023.pdf\" data-type=\"attachment\" data-id=\"208\" target=\"_blank\" rel=\"noreferrer noopener\">Zapisnik sa sjednice Skup\u0161tine 15.12.2023.<\/a><\/li>\n<\/ul>\n\n                <\/div>\n            <\/div>\n            <div class=\"pa-accordion-item\">\n                <button class=\"pa-toggle\" data-target=\"pa-content-194\">2022.<\/button>\n                <div id=\"pa-content-194\" class=\"pa-content\" style=\"display:none;\">\n                    \n<h3 class=\"wp-block-heading\">Sjednice Odbora GDCK Bjelovar u 2022. godini<\/h3>\n\n\n\n<ul class=\"wp-block-list\">\n<li><a href=\"https:\/\/dckbbz.hr\/gdck-bjelovar\/wp-content\/uploads\/sites\/2\/2025\/06\/Zapisnik-sa-sjednice-Odbora-08.03.2022.pdf\" data-type=\"attachment\" data-id=\"197\" target=\"_blank\" rel=\"noreferrer noopener\">Zapisnik sa sjednice Odbora 08.03.2022.<\/a><\/li>\n\n\n\n<li><a href=\"https:\/\/dckbbz.hr\/gdck-bjelovar\/wp-content\/uploads\/sites\/2\/2025\/06\/Zapisnik-sa-sjednice-Odbora-06.06.2022.pdf\" data-type=\"attachment\" data-id=\"196\" target=\"_blank\" rel=\"noreferrer noopener\">Zapisnik sa sjednice Odbora 06.06.2022.<\/a><\/li>\n\n\n\n<li><a href=\"https:\/\/dckbbz.hr\/gdck-bjelovar\/wp-content\/uploads\/sites\/2\/2025\/06\/Zapisnik-sa-sjednice-Odbora-od-27.09.2022.pdf\" data-type=\"attachment\" data-id=\"199\" target=\"_blank\" rel=\"noreferrer noopener\">Zapisnik sa sjednice Odbora od 27.09.2022.<\/a><\/li>\n\n\n\n<li><a href=\"https:\/\/dckbbz.hr\/gdck-bjelovar\/wp-content\/uploads\/sites\/2\/2025\/06\/Zapisnik-sa-telefonske-sjednice-Odbora-od-07.12.2022.pdf\" data-type=\"attachment\" data-id=\"202\" target=\"_blank\" rel=\"noreferrer noopener\">Zapisnik sa telefonske sjednice Odbora od 07.12.2022.<\/a><\/li>\n\n\n\n<li><a href=\"https:\/\/dckbbz.hr\/gdck-bjelovar\/wp-content\/uploads\/sites\/2\/2025\/06\/Zapisnik-sa-sjednice-Odbora-14.12.2022.pdf\" data-type=\"attachment\" data-id=\"198\" target=\"_blank\" rel=\"noreferrer noopener\">Zapisnik sa sjednice Odbora 14.12.2022.<\/a><\/li>\n<\/ul>\n\n\n\n<h3 class=\"wp-block-heading\">Sjednice Skup\u0161tine GDCK u 2022. godini<\/h3>\n\n\n\n<ul class=\"wp-block-list\">\n<li><a href=\"https:\/\/dckbbz.hr\/gdck-bjelovar\/wp-content\/uploads\/sites\/2\/2025\/06\/Zapisnik-sa-sjednice-Skupstine-08.03.2022.pdf\" data-type=\"attachment\" data-id=\"200\" target=\"_blank\" rel=\"noreferrer noopener\">Zapisnik sa sjednice Skup\u0161tine 08.03.2022.<\/a><\/li>\n\n\n\n<li><a href=\"https:\/\/dckbbz.hr\/gdck-bjelovar\/wp-content\/uploads\/sites\/2\/2025\/06\/Zapisnik-sa-sjednice-Skupstine-14.12.2022.pdf\" data-type=\"attachment\" data-id=\"201\" target=\"_blank\" rel=\"noreferrer noopener\">Zapisnik sa sjednice Skup\u0161tine 14.12.2022.<\/a><\/li>\n<\/ul>\n\n                <\/div>\n            <\/div>\n            <div class=\"pa-accordion-item\">\n                <button class=\"pa-toggle\" data-target=\"pa-content-182\">2021.<\/button>\n                <div id=\"pa-content-182\" class=\"pa-content\" style=\"display:none;\">\n                    \n<h3 class=\"wp-block-heading\">Sjednice Odbora GDCK Bjelovar u 2021. godini<\/h3>\n\n\n\n<ul class=\"wp-block-list\">\n<li><a href=\"https:\/\/dckbbz.hr\/gdck-bjelovar\/wp-content\/uploads\/sites\/2\/2025\/06\/Zapisnik-sa-sjednice-Odbora-03.03.2021.pdf\" data-type=\"attachment\" data-id=\"185\" target=\"_blank\" rel=\"noreferrer noopener\">Zapisnik sa sjednice Odbora 03.03.2021.<\/a><\/li>\n\n\n\n<li><a href=\"https:\/\/dckbbz.hr\/gdck-bjelovar\/wp-content\/uploads\/sites\/2\/2025\/06\/Zapisnik-sa-sjednice-Odbora-22.04.2021.pdf\" data-type=\"attachment\" data-id=\"189\" target=\"_blank\" rel=\"noreferrer noopener\">Zapisnik sa sjednice Odbora 22.04.2021.<\/a><\/li>\n\n\n\n<li><a href=\"https:\/\/dckbbz.hr\/gdck-bjelovar\/wp-content\/uploads\/sites\/2\/2025\/06\/Zapisnik-sa-sjednice-Odbora-17.06.2021.pdf\" data-type=\"attachment\" data-id=\"188\" target=\"_blank\" rel=\"noreferrer noopener\">Zapisnik sa sjednice Odbora 17.06.2021.<\/a><\/li>\n\n\n\n<li><a href=\"https:\/\/dckbbz.hr\/gdck-bjelovar\/wp-content\/uploads\/sites\/2\/2025\/06\/Zapisnik-sa-sjednice-Odbora-22.07.2021.pdf\" data-type=\"attachment\" data-id=\"190\" target=\"_blank\" rel=\"noreferrer noopener\">Zapisnik sa sjednice Odbora 22.07.2021.<\/a><\/li>\n\n\n\n<li><a href=\"https:\/\/dckbbz.hr\/gdck-bjelovar\/wp-content\/uploads\/sites\/2\/2025\/06\/Zapisnik-sa-sjednice-Odbora-23.09.2021.pdf\" data-type=\"attachment\" data-id=\"191\" target=\"_blank\" rel=\"noreferrer noopener\">Zapisnik sa sjednice Odbora 23.09.2021.<\/a><\/li>\n\n\n\n<li><a href=\"https:\/\/dckbbz.hr\/gdck-bjelovar\/wp-content\/uploads\/sites\/2\/2025\/06\/Zapisnik-sa-sjednice-Odbora-09.11.2021.pdf\" data-type=\"attachment\" data-id=\"186\" target=\"_blank\" rel=\"noreferrer noopener\">Zapisnik sa sjednice Odbora 09.11.2021.<\/a><\/li>\n\n\n\n<li><a href=\"https:\/\/dckbbz.hr\/gdck-bjelovar\/wp-content\/uploads\/sites\/2\/2025\/06\/Zapisnik-sa-sjednice-Odbora-09.12.2021.pdf\" data-type=\"attachment\" data-id=\"187\" target=\"_blank\" rel=\"noreferrer noopener\">Zapisnik sa sjednice Odbora 09.12.2021.<\/a><\/li>\n<\/ul>\n\n\n\n<h3 class=\"wp-block-heading\">Sjednice Skup\u0161tine GDCK Bjelovar u 2021. godini<\/h3>\n\n\n\n<ul class=\"wp-block-list\">\n<li><a href=\"https:\/\/dckbbz.hr\/gdck-bjelovar\/wp-content\/uploads\/sites\/2\/2025\/06\/Zapisnik-sa-sjednice-Skupstine-09.03.2021.pdf\" data-type=\"attachment\" data-id=\"192\" target=\"_blank\" rel=\"noreferrer noopener\">Zapisnik sa sjednice Skup\u0161tine 09.03.2021.<\/a><\/li>\n\n\n\n<li><a href=\"https:\/\/dckbbz.hr\/gdck-bjelovar\/wp-content\/uploads\/sites\/2\/2025\/06\/Poziv-za-Skupstinu-.pdf\" data-type=\"attachment\" data-id=\"184\" target=\"_blank\" rel=\"noreferrer noopener\">Poziv za Skup\u0161tinu<\/a><\/li>\n\n\n\n<li><a href=\"https:\/\/dckbbz.hr\/gdck-bjelovar\/wp-content\/uploads\/sites\/2\/2025\/06\/Zapisnik-sa-sjednice-Skupstine-16.12.2021.pdf\" data-type=\"attachment\" data-id=\"193\" target=\"_blank\" rel=\"noreferrer noopener\">Zapisnik sa sjednice Skup\u0161tine 16.12.2021.<\/a><\/li>\n<\/ul>\n\n\n\n<p><\/p>\n\n                <\/div>\n            <\/div>\n            <div class=\"pa-accordion-item\">\n                <button class=\"pa-toggle\" data-target=\"pa-content-158\">2020.<\/button>\n                <div id=\"pa-content-158\" class=\"pa-content\" style=\"display:none;\">\n                    \n<h3 class=\"wp-block-heading\">Sjednice Odbora GDCK Bjelovar u 2020. godini<\/h3>\n\n\n\n<ul class=\"wp-block-list\">\n<li><a href=\"https:\/\/dckbbz.hr\/gdck-bjelovar\/wp-content\/uploads\/sites\/2\/2025\/06\/Zapisnik-sa-sjednice-Odbora-08.04.2020.pdf\" data-type=\"attachment\" data-id=\"176\" target=\"_blank\" rel=\"noreferrer noopener\">Zapisnik sa sjednice Odbora 08.04.2020.<\/a><\/li>\n\n\n\n<li><a href=\"https:\/\/dckbbz.hr\/gdck-bjelovar\/wp-content\/uploads\/sites\/2\/2025\/06\/Zapisnik-sa-sjednice-Odbora-15.06.2020.pdf\" data-type=\"attachment\" data-id=\"177\" target=\"_blank\" rel=\"noreferrer noopener\">Zapisnik sa sjednice Odbora 15.06.2020.<\/a><\/li>\n\n\n\n<li><a href=\"https:\/\/dckbbz.hr\/gdck-bjelovar\/wp-content\/uploads\/sites\/2\/2025\/06\/Zapisnik-sa-sjednice-Odbora-04.09.2020.pdf\" data-type=\"attachment\" data-id=\"175\" target=\"_blank\" rel=\"noreferrer noopener\">Zapisnik sa sjednice Odbora 04.09.2020.<\/a><\/li>\n<\/ul>\n\n\n\n<h3 class=\"wp-block-heading\">Sjednice Skup\u0161tine GDCK Bjelovar u 2020. godini<\/h3>\n\n\n\n<ul class=\"wp-block-list\">\n<li><a href=\"https:\/\/dckbbz.hr\/gdck-bjelovar\/wp-content\/uploads\/sites\/2\/2025\/06\/Zapisnik-sa-sjednice-Odbora-15.06.2020.pdf\" data-type=\"attachment\" data-id=\"177\" target=\"_blank\" rel=\"noreferrer noopener\">Zapisnik sa sjednice Skup\u0161tine 15.06.2020.<\/a><\/li>\n\n\n\n<li><a href=\"https:\/\/dckbbz.hr\/gdck-bjelovar\/wp-content\/uploads\/sites\/2\/2025\/06\/Zapisnik-sa-sjednice-Skupstine-21.12.2020.-I-dio.pdf\" data-type=\"attachment\" data-id=\"179\" target=\"_blank\" rel=\"noreferrer noopener\">Zapisnik sa sjednice Skup\u0161tine 21.12.2020. I dio<\/a><\/li>\n\n\n\n<li><a href=\"https:\/\/dckbbz.hr\/gdck-bjelovar\/wp-content\/uploads\/sites\/2\/2025\/06\/Zapisnik-sa-sjednice-skupstine-21.12.2020.-II-dio.pdf\" data-type=\"attachment\" data-id=\"180\" target=\"_blank\" rel=\"noreferrer noopener\">Zapisnik sa sjednice skup\u0161tine 21.12.2020. II dio<\/a><\/li>\n\n\n\n<li><a href=\"https:\/\/dckbbz.hr\/gdck-bjelovar\/wp-content\/uploads\/sites\/2\/2025\/06\/Poslovnik-o-radu-Skupstine-21.12.2020.pdf\" data-type=\"attachment\" data-id=\"174\" target=\"_blank\" rel=\"noreferrer noopener\">Poslovnik o radu Skup\u0161tine 21.12.2020.<\/a><\/li>\n\n\n\n<li><a href=\"https:\/\/dckbbz.hr\/gdck-bjelovar\/wp-content\/uploads\/sites\/2\/2025\/06\/Poslovnik-o-radu-Skupstine-20.03.2020.pdf\" data-type=\"attachment\" data-id=\"173\" target=\"_blank\" rel=\"noreferrer noopener\">Poslovnik o radu Skup\u0161tine 20.03.2020. (odr\u017eana 15.06.2020.)<\/a><\/li>\n<\/ul>\n\n                <\/div>\n            <\/div><\/div><\/div>\n\t\t\t\t\t\t<\/div>\n\t\t\t\t<\/div>\n\t\t\t\t\t<\/div>\n\t\t\t\t<\/div>\n\t\t\t\t<\/div>\n\t\t","protected":false},"excerpt":{"rendered":"<p>Kliknite na redak kako bi se prikazale informacije.<\/p>\n","protected":false},"author":1,"featured_media":0,"parent":0,"menu_order":0,"comment_status":"closed","ping_status":"closed","template":"","meta":{"ocean_post_layout":"full-width","ocean_both_sidebars_style":"","ocean_both_sidebars_content_width":0,"ocean_both_sidebars_sidebars_width":0,"ocean_sidebar":"","ocean_second_sidebar":"","ocean_disable_margins":"enable","ocean_add_body_class":"","ocean_shortcode_before_top_bar":"","ocean_shortcode_after_top_bar":"","ocean_shortcode_before_header":"","ocean_shortcode_after_header":"","ocean_has_shortcode":"","ocean_shortcode_after_title":"","ocean_shortcode_before_footer_widgets":"","ocean_shortcode_after_footer_widgets":"","ocean_shortcode_before_footer_bottom":"","ocean_shortcode_after_footer_bottom":"","ocean_display_top_bar":"default","ocean_display_header":"default","ocean_header_style":"","ocean_center_header_left_menu":"","ocean_custom_header_template":"","ocean_custom_logo":0,"ocean_custom_retina_logo":0,"ocean_custom_logo_max_width":0,"ocean_custom_logo_tablet_max_width":0,"ocean_custom_logo_mobile_max_width":0,"ocean_custom_logo_max_height":0,"ocean_custom_logo_tablet_max_height":0,"ocean_custom_logo_mobile_max_height":0,"ocean_header_custom_menu":"","ocean_menu_typo_font_family":"","ocean_menu_typo_font_subset":"","ocean_menu_typo_font_size":0,"ocean_menu_typo_font_size_tablet":0,"ocean_menu_typo_font_size_mobile":0,"ocean_menu_typo_font_size_unit":"px","ocean_menu_typo_font_weight":"","ocean_menu_typo_font_weight_tablet":"","ocean_menu_typo_font_weight_mobile":"","ocean_menu_typo_transform":"","ocean_menu_typo_transform_tablet":"","ocean_menu_typo_transform_mobile":"","ocean_menu_typo_line_height":0,"ocean_menu_typo_line_height_tablet":0,"ocean_menu_typo_line_height_mobile":0,"ocean_menu_typo_line_height_unit":"","ocean_menu_typo_spacing":0,"ocean_menu_typo_spacing_tablet":0,"ocean_menu_typo_spacing_mobile":0,"ocean_menu_typo_spacing_unit":"","ocean_menu_link_color":"","ocean_menu_link_color_hover":"","ocean_menu_link_color_active":"","ocean_menu_link_background":"","ocean_menu_link_hover_background":"","ocean_menu_link_active_background":"","ocean_menu_social_links_bg":"","ocean_menu_social_hover_links_bg":"","ocean_menu_social_links_color":"","ocean_menu_social_hover_links_color":"","ocean_disable_title":"default","ocean_disable_heading":"default","ocean_post_title":"","ocean_post_subheading":"","ocean_post_title_style":"","ocean_post_title_background_color":"","ocean_post_title_background":0,"ocean_post_title_bg_image_position":"","ocean_post_title_bg_image_attachment":"","ocean_post_title_bg_image_repeat":"","ocean_post_title_bg_image_size":"","ocean_post_title_height":0,"ocean_post_title_bg_overlay":0.5,"ocean_post_title_bg_overlay_color":"","ocean_disable_breadcrumbs":"default","ocean_breadcrumbs_color":"","ocean_breadcrumbs_separator_color":"","ocean_breadcrumbs_links_color":"","ocean_breadcrumbs_links_hover_color":"","ocean_display_footer_widgets":"default","ocean_display_footer_bottom":"default","ocean_custom_footer_template":"","footnotes":""},"class_list":["post-151","page","type-page","status-publish","hentry","entry"],"_links":{"self":[{"href":"https:\/\/dckbbz.hr\/gdck-bjelovar\/wp-json\/wp\/v2\/pages\/151","targetHints":{"allow":["GET"]}}],"collection":[{"href":"https:\/\/dckbbz.hr\/gdck-bjelovar\/wp-json\/wp\/v2\/pages"}],"about":[{"href":"https:\/\/dckbbz.hr\/gdck-bjelovar\/wp-json\/wp\/v2\/types\/page"}],"author":[{"embeddable":true,"href":"https:\/\/dckbbz.hr\/gdck-bjelovar\/wp-json\/wp\/v2\/users\/1"}],"replies":[{"embeddable":true,"href":"https:\/\/dckbbz.hr\/gdck-bjelovar\/wp-json\/wp\/v2\/comments?post=151"}],"version-history":[{"count":3,"href":"https:\/\/dckbbz.hr\/gdck-bjelovar\/wp-json\/wp\/v2\/pages\/151\/revisions"}],"predecessor-version":[{"id":305,"href":"https:\/\/dckbbz.hr\/gdck-bjelovar\/wp-json\/wp\/v2\/pages\/151\/revisions\/305"}],"wp:attachment":[{"href":"https:\/\/dckbbz.hr\/gdck-bjelovar\/wp-json\/wp\/v2\/media?parent=151"}],"curies":[{"name":"wp","href":"https:\/\/api.w.org\/{rel}","templated":true}]}}