{"id":282,"date":"2025-06-07T12:07:51","date_gmt":"2025-06-07T10:07:51","guid":{"rendered":"https:\/\/dckbbz.hr\/gdck-bjelovar\/?page_id=282"},"modified":"2025-06-07T12:11:42","modified_gmt":"2025-06-07T10:11:42","slug":"zdravstvene-aktivnosti","status":"publish","type":"page","link":"https:\/\/dckbbz.hr\/gdck-bjelovar\/zdravstvene-aktivnosti\/","title":{"rendered":"Zdravstvene aktivnosti"},"content":{"rendered":"\n<p>Prema Zakonu o Hrvatskom Crvenom kri\u017eu (NN 71\/10) jedan od ciljeva u radu je doprinos unapre\u0111enju i za\u0161titi zdravlja, prevenciji bolesti i podizanju zdravstvene i ekolo\u0161ke kulture gra\u0111ana. Ostvarenje razli\u010ditih programa za za\u0161titu zdravlja omogu\u0107eno je posredstvom 131 dru\u0161tva Crvenog kri\u017ea sudjelovanjem brojnih volontera i drugih suradnika iz zdravstvenih i drugih djelatnosti (lije\u010dnici, medicinske sestre, nastavnici, kineziolozi i dr.) koji provode razli\u010dite aktivnosti (zdravstveno-odgojna predavanja, javne tribine, radionice za djecu i mlade, savjetovali\u0161ta, klubovi zdravlja), kako bi se zainteresirane osobe uputilo na rje\u0161avanje odre\u0111enog zdravstvenog problema i sprije\u010dilo \u0161tetne u\u010dinke na zdravlje. U Planu i programu mjera zdravstvene za\u0161tite iz obvezatnog zdravstvenog osiguranja (NN 126\/06 i NN 156\/08) Hrvatski Crveni kri\u017e se navodi kao jedan od izvr\u0161itelja.<br>Masovne kroni\u010dne nezarazne bolesti u ve\u0107ini zemalja svijat pa tako i Republici Hrvatskoj predstavljaju glavninu zdravstvenih problema koje su glavni uzrok pobola i smrtnosti (bolesti srca i krvnih \u017eila, maligne bolesti, \u0161e\u0107erna bolest, kroni\u010dne di\u0161ne bolesti, du\u0161evni poreme\u0107aji te ozljede i njihove posljedice), no iznenadnom pojavom novih (zaraznih) bolesti i neo\u010dekivanih zdravstvenih izazova i prijetnji jo\u0161 uvijek mogu nastati ozbiljne posljedice za cijelo \u010dovje\u010danstvo.<br><br>Suvremene javnozdravstvene akcije sve su manje usmjerene bolesti, a vi\u0161e zdravlju, razvoju osobnih vje\u0161tina i dru\u0161tvenih mehanizama, koji \u0107e odgojem svakog pojedinca, osigurati dobro zdravlje i sprije\u010diti razvoj bolesti. Sve se ve\u0107i zna\u010daj pridaje \u010dimbenicima koji odre\u0111uju zdravlje i sve se vi\u0161e govori o rizi\u010dnim \u010dimbenicima i negativnim utjecajima na zdravlje, a manje o bolesti.<\/p>\n\n\n\n<p>Prema Svjetskoj zdravstvenoj organizaciji promicanje zdravlja definira se kao proces osposobljavanja ljudi za kontrolu i unapre\u0111enje vlastitog zdravlja (Povelja o promicanju zdravlja, Ottawa, 1986.). Hrvatski Crveni kri\u017ea nastoji prenijeti znanje o zna\u010daju zdravlja i utjecati na promjenu \u0161tetnog pona\u0161anja i lo\u0161ih navika koje dovode do razvoja bolesti. Na taj na\u010din \u017eeli se pridonijeti usvajanju pravilnih stavova o zdravom na\u010dinu \u017eivota te va\u017enosti o\u010duvanja tjelesnog i du\u0161evnog zdravlja. Dru\u0161tvo u cjelini i mi sami dijelimo odgovornost za zdravlje pa je potrebno stalno ulagati u razvoj novih oblika zdravstvene za\u0161tite i unapre\u0111enje vlastitog i zdravlja svoje obitelji i zajednice.<br><br>Uloga Hrvatskog Crvenog kri\u017ea osobito je istaknuta kao potpora javnom zdravstvu u izvanrednim situacijama u suradnji s ostalim partnerima koji povezuju javnozdravstvene djelatnosti u nacionalni i me\u0111unarodni sustav zdravstvene politike. Prema Strategiji Me\u0111unarodne federacije dru\u0161tava Crvenog kri\u017ea i&nbsp;<a href=\"http:\/\/www.ifrc.org\/en\/who-we-are\/vision-and-mission\/strategy-2020\/\" target=\"_blank\" rel=\"noreferrer noopener\">Crvenog polumjeseca<\/a>&nbsp;(IFRC) do 2020. \u017eeli se omogu\u0107iti siguran \u017eivot za bolje zdravlje svakog pojedinca i zajednice kao i unaprijediti postoje\u0107e kapacitete za pripremu i odgovor na iznenadne izazove, kako bi se sprije\u010dile zdravstvene posljedice koje mogu nastati uzrokovane prirodnim ili ljudskim doga\u0111anjima (potresi, poplave, klimatske promjene, oru\u017eani sukobi).<\/p>\n","protected":false},"excerpt":{"rendered":"<p>Prema Zakonu o Hrvatskom Crvenom kri\u017eu (NN 71\/10) jedan od ciljeva u radu je doprinos unapre\u0111enju i za\u0161titi zdravlja, prevenciji bolesti i podizanju zdravstvene i ekolo\u0161ke kulture gra\u0111ana. Ostvarenje razli\u010ditih [&hellip;]<\/p>\n","protected":false},"author":1,"featured_media":0,"parent":0,"menu_order":0,"comment_status":"closed","ping_status":"closed","template":"","meta":{"ocean_post_layout":"full-width","ocean_both_sidebars_style":"","ocean_both_sidebars_content_width":0,"ocean_both_sidebars_sidebars_width":0,"ocean_sidebar":"","ocean_second_sidebar":"","ocean_disable_margins":"enable","ocean_add_body_class":"","ocean_shortcode_before_top_bar":"","ocean_shortcode_after_top_bar":"","ocean_shortcode_before_header":"","ocean_shortcode_after_header":"","ocean_has_shortcode":"","ocean_shortcode_after_title":"","ocean_shortcode_before_footer_widgets":"","ocean_shortcode_after_footer_widgets":"","ocean_shortcode_before_footer_bottom":"","ocean_shortcode_after_footer_bottom":"","ocean_display_top_bar":"default","ocean_display_header":"default","ocean_header_style":"","ocean_center_header_left_menu":"","ocean_custom_header_template":"","ocean_custom_logo":0,"ocean_custom_retina_logo":0,"ocean_custom_logo_max_width":0,"ocean_custom_logo_tablet_max_width":0,"ocean_custom_logo_mobile_max_width":0,"ocean_custom_logo_max_height":0,"ocean_custom_logo_tablet_max_height":0,"ocean_custom_logo_mobile_max_height":0,"ocean_header_custom_menu":"","ocean_menu_typo_font_family":"","ocean_menu_typo_font_subset":"","ocean_menu_typo_font_size":0,"ocean_menu_typo_font_size_tablet":0,"ocean_menu_typo_font_size_mobile":0,"ocean_menu_typo_font_size_unit":"px","ocean_menu_typo_font_weight":"","ocean_menu_typo_font_weight_tablet":"","ocean_menu_typo_font_weight_mobile":"","ocean_menu_typo_transform":"","ocean_menu_typo_transform_tablet":"","ocean_menu_typo_transform_mobile":"","ocean_menu_typo_line_height":0,"ocean_menu_typo_line_height_tablet":0,"ocean_menu_typo_line_height_mobile":0,"ocean_menu_typo_line_height_unit":"","ocean_menu_typo_spacing":0,"ocean_menu_typo_spacing_tablet":0,"ocean_menu_typo_spacing_mobile":0,"ocean_menu_typo_spacing_unit":"","ocean_menu_link_color":"","ocean_menu_link_color_hover":"","ocean_menu_link_color_active":"","ocean_menu_link_background":"","ocean_menu_link_hover_background":"","ocean_menu_link_active_background":"","ocean_menu_social_links_bg":"","ocean_menu_social_hover_links_bg":"","ocean_menu_social_links_color":"","ocean_menu_social_hover_links_color":"","ocean_disable_title":"default","ocean_disable_heading":"default","ocean_post_title":"","ocean_post_subheading":"","ocean_post_title_style":"","ocean_post_title_background_color":"","ocean_post_title_background":0,"ocean_post_title_bg_image_position":"","ocean_post_title_bg_image_attachment":"","ocean_post_title_bg_image_repeat":"","ocean_post_title_bg_image_size":"","ocean_post_title_height":0,"ocean_post_title_bg_overlay":0.5,"ocean_post_title_bg_overlay_color":"","ocean_disable_breadcrumbs":"default","ocean_breadcrumbs_color":"","ocean_breadcrumbs_separator_color":"","ocean_breadcrumbs_links_color":"","ocean_breadcrumbs_links_hover_color":"","ocean_display_footer_widgets":"default","ocean_display_footer_bottom":"default","ocean_custom_footer_template":"","footnotes":""},"class_list":["post-282","page","type-page","status-publish","hentry","entry"],"_links":{"self":[{"href":"https:\/\/dckbbz.hr\/gdck-bjelovar\/wp-json\/wp\/v2\/pages\/282","targetHints":{"allow":["GET"]}}],"collection":[{"href":"https:\/\/dckbbz.hr\/gdck-bjelovar\/wp-json\/wp\/v2\/pages"}],"about":[{"href":"https:\/\/dckbbz.hr\/gdck-bjelovar\/wp-json\/wp\/v2\/types\/page"}],"author":[{"embeddable":true,"href":"https:\/\/dckbbz.hr\/gdck-bjelovar\/wp-json\/wp\/v2\/users\/1"}],"replies":[{"embeddable":true,"href":"https:\/\/dckbbz.hr\/gdck-bjelovar\/wp-json\/wp\/v2\/comments?post=282"}],"version-history":[{"count":2,"href":"https:\/\/dckbbz.hr\/gdck-bjelovar\/wp-json\/wp\/v2\/pages\/282\/revisions"}],"predecessor-version":[{"id":285,"href":"https:\/\/dckbbz.hr\/gdck-bjelovar\/wp-json\/wp\/v2\/pages\/282\/revisions\/285"}],"wp:attachment":[{"href":"https:\/\/dckbbz.hr\/gdck-bjelovar\/wp-json\/wp\/v2\/media?parent=282"}],"curies":[{"name":"wp","href":"https:\/\/api.w.org\/{rel}","templated":true}]}}