{"id":45,"date":"2025-05-28T21:23:48","date_gmt":"2025-05-28T19:23:48","guid":{"rendered":"https:\/\/dckbbz.hr\/gdck-bjelovar\/?page_id=45"},"modified":"2025-06-07T11:55:08","modified_gmt":"2025-06-07T09:55:08","slug":"pristup-informacijama","status":"publish","type":"page","link":"https:\/\/dckbbz.hr\/gdck-bjelovar\/pristup-informacijama\/","title":{"rendered":"Pristup informacijama"},"content":{"rendered":"\n<p>Pravo na pristup informacijama koje posjeduje, raspola\u017ee ili nadzire Gradsko dru\u0161tvo Crvenog kri\u017ea Bjelovar ure\u0111eno je Zakonom o pravu na pristup informacijama (NN 25\/13).&nbsp; Zakonom se propisuju i na\u010dela prava na pristup, izuzeci od prava na pristup te postupak za ostvarivanje i za\u0161titu prava na pristup informacijama. Cilj zakona je omogu\u0107iti i osigurati informaciju fizi\u010dkim i pravnim osobama putem otvorenosti i javnosti djelovanja tijela javne vlasti, sukladno zakonu.<\/p>\n\n\n\n<p>Pravo na pristup informacijama sukladno \u010dlanku 5. stavku 1. to\u010dki 5. Zakona \u201eobuhva\u0107a pravo korisnika na tra\u017eenje i dobivanje informacije, kao i obvezu tijela javne vlasti da omogu\u0107i pristup zatra\u017eenoj informaciji, odnosno da objavljuje informacije neovisno o postavljenom zahtjevu kada takvo objavljivanje proizlazi iz obveze odre\u0111ene zakonom ili drugim propisom\u201c.<\/p>\n\n\n\n<p>Informacija, u smislu navedenog Zakona (\u010dlanak 5. stavak 1. to\u010dka 3.), predstavlja \u201esvaki podatak koji posjeduje tijelo javne vlasti u obliku dokumenta, zapisa, dosjea, registra, neovisno o na\u010dinu na koji je prikazan (napisani, nacrtani, tiskani, snimljeni, magnetni, opti\u010dki, elektroni\u010dki ili neki drugi zapis), koji je tijelo izradilo samo ili u suradnji s drugim tijelima ili dobilo od druge osobe, a nastao je u okviru djelokruga ili u vezi s organizacijom i radom tijela javne vlasti\u201c.<\/p>\n\n\n\n<p>Ponovna uporaba informacija, u skladu s \u010dlankom 5. stavkom 1. to\u010dkom 6. Zakona \u201ezna\u010di uporabu informacija tijela javne vlasti od strane fizi\u010dkih ili pravnih osoba, u komercijalnu ili nekomercijalnu svrhu razli\u010ditu od izvorne svrhe za koju su informacije nastale, a koja se ostvaruje u okviru zakonom ili drugim propisom odre\u0111enog djelokruga ili posla koji se uobi\u010dajeno smatra javnim poslom. Razmjena informacija izme\u0111u tijela javne vlasti radi obavljanja poslova iz njihova djelokruga ne predstavlja ponovnu uporabu\u201c.<\/p>\n\n\n\n<p>Slu\u017ebenik za informiranje je Vida Malek.<\/p>\n\n\n\n<p>Pravo na informaciju ostvaruje se podno\u0161enjem zahtjeva Gradskom dru\u0161tvu Crvenog kri\u017ea Bjelovar:<\/p>\n\n\n\n<p>\u2013&nbsp;&nbsp;&nbsp;&nbsp;&nbsp;&nbsp;&nbsp;&nbsp;&nbsp; po\u0161tom na adresu: 108.Puka 1, 43000 Bjelovar<\/p>\n\n\n\n<p>\u2013&nbsp;&nbsp;&nbsp;&nbsp;&nbsp;&nbsp;&nbsp;&nbsp;&nbsp; putem telefona na broj: 043 410 100<\/p>\n\n\n\n<p>\u2013&nbsp;&nbsp;&nbsp;&nbsp;&nbsp;&nbsp;&nbsp;&nbsp;&nbsp; elektroni\u010dkom po\u0161tom na: hck.bjelovar@gmail.com<\/p>\n\n\n\n<p>Obrasce zahtjeva za pristup informacijama Gradskog dru\u0161tva Crvenog kri\u017ea Bjelovar mo\u017eete skinuti na ovim linkovima.<\/p>\n\n\n\n<p><a href=\"https:\/\/dckbbz.hr\/gdck-bjelovar\/wp-content\/uploads\/sites\/2\/2025\/06\/NOVI-Obrazac-2-Zahtjev-za-pristup-informacijama1.doc\" data-type=\"attachment\" data-id=\"263\" target=\"_blank\" rel=\"noreferrer noopener\">Obrazac-2-Zahtjev-za-pristup-informacijama<\/a><\/p>\n\n\n\n<p><a href=\"https:\/\/dckbbz.hr\/gdck-bjelovar\/wp-content\/uploads\/sites\/2\/2025\/06\/NOVI-Obrazac-3-Zahtjev-za-dopunu-ili-ispravak-informacije-11.doc\" data-type=\"attachment\" data-id=\"264\" target=\"_blank\" rel=\"noreferrer noopener\">Obrazac-3-Zahtjev-za-dopunu-ili-ispravak-informacije<\/a><\/p>\n\n\n\n<p><a href=\"https:\/\/dckbbz.hr\/gdck-bjelovar\/wp-content\/uploads\/sites\/2\/2025\/06\/NOVI-Obrazac-4-Zahtjev-za-ponovnu-uporabu-informacija1.doc\" data-type=\"attachment\" data-id=\"265\" target=\"_blank\" rel=\"noreferrer noopener\">Obrazac-4-Zahtjev-za-ponovnu-uporabu-informacija<\/a><\/p>\n\n\n\n<p><a href=\"https:\/\/dckbbz.hr\/gdck-bjelovar\/wp-content\/uploads\/sites\/2\/2025\/06\/Izvjesce-o-provedbi-Zakona-o-pravu-na-pristup-informacijama-za-2020.-godinu.pdf\" data-type=\"attachment\" data-id=\"269\" target=\"_blank\" rel=\"noreferrer noopener\">Izvje\u0161\u0107e o provedbi Zakona o pravu na pristup informacijama za 2020. godinu<\/a><\/p>\n\n\n\n<p><a href=\"https:\/\/dckbbz.hr\/gdck-bjelovar\/wp-content\/uploads\/sites\/2\/2025\/06\/Izvjesce-o-provedbi-Zakona-o-pravu-na-pristup-informacijama-za-2021.-godinu.pdf\" data-type=\"attachment\" data-id=\"270\" target=\"_blank\" rel=\"noreferrer noopener\">Izvje\u0161\u0107e o provedbi Zakona o pravu na pristup informacijama za 2021. godinu<\/a><\/p>\n\n\n\n<p><a href=\"https:\/\/dckbbz.hr\/gdck-bjelovar\/wp-content\/uploads\/sites\/2\/2025\/06\/Izvjesce-o-provedbi-Zakona-o-pravu-na-pristup-informacijama-za-2022.-godinu.pdf\" data-type=\"attachment\" data-id=\"271\" target=\"_blank\" rel=\"noreferrer noopener\">Izvje\u0161\u0107e o provedbi Zakona o pravu na pristup informacijama za 2022. godinu<\/a><\/p>\n\n\n\n<p><a href=\"https:\/\/dckbbz.hr\/gdck-bjelovar\/wp-content\/uploads\/sites\/2\/2025\/06\/Godisnje-izvjesce-o-pravu-na-pristup-informacijama-za-2023.-godinu.pdf\" data-type=\"attachment\" data-id=\"268\" target=\"_blank\" rel=\"noreferrer noopener\">Godisnje izvjesce o pravu na pristup informacijama za 2023. godinu<\/a><\/p>\n\n\n\n<p>Tijelo javne vlasti ima pravo na naknadu stvarnih materijalnih tro\u0161kova od podnositelja zahtjeva u svezi s pru\u017eanjem i dostavom tra\u017eene informacije. Visina naknade za pristup informacijama i na\u010din naplate naknade propisani su&nbsp;Kriterijima za odre\u0111ivanje visine naknade stvarnih materijalnih tro\u0161kova i tro\u0161kova dostave informacije&nbsp;(NN 12\/2014)&nbsp;od 24. sije\u010dnja 2014. godine.<\/p>\n\n\n\n<hr class=\"wp-block-separator has-alpha-channel-opacity\"\/>\n\n\n\n<p><a href=\"https:\/\/dckbbz.hr\/gdck-bjelovar\/wp-content\/uploads\/sites\/2\/2025\/06\/Kriteriji-NN12-2014.pdf\" data-type=\"attachment\" data-id=\"274\" target=\"_blank\" rel=\"noreferrer noopener\">Kriteriji za odre\u0111ivanje visine naknade stvarnih materijalnih tro\u0161kova i tro\u0161kova dostave informacije\u00a0(NN 12\/2014)<\/a><\/p>\n\n\n\n<h4 class=\"wp-block-heading\"><strong>Izjava o pristupa\u010dnosti<\/strong><\/h4>\n\n\n\n<p>Hrvatski Crveni kri\u017e \u2013 Gradsko dru\u0161tvo Crvenog kri\u017ea Bjelovar nastoji svoju internetsku stranicu u\u010diniti pristupa\u010dnom u skladu sa&nbsp;<a href=\"https:\/\/narodne-novine.nn.hr\/clanci\/sluzbeni\/2019_02_17_358.html\">Zakonom o pristupa\u010dnosti mre\u017enih stranica i programskih rje\u0161enja za pokretne ure\u0111aje tijela javnog sektora<\/a>&nbsp;(\u201eNarodne novine\u201c, broj 17\/19; dalje u tekstu: Zakon) kojim se prenosi Direktiva (EU) 2016\/2102 Europskog parlamenta i Vije\u0107a od 26. listopada 2016. o pristupa\u010dnosti internetskih stranica i mobilnih aplikacija tijela javnog sektora (<a href=\"https:\/\/eur-lex.europa.eu\/legal-content\/EN\/TXT\/?uri=OJ%3AL%3A2016%3A327%3ATOC\">SL L 327, 2.12.2016.<\/a>&nbsp;).<\/p>\n\n\n\n<p>Ova Izjava o pristupa\u010dnosti primjenjuje se na internetsku stranicu na adresi https:\/\/dckbbz1.local\/bjelovar\/<\/p>\n\n\n\n<p><strong>Stupanj uskla\u0111enosti<\/strong><\/p>\n\n\n\n<p>Ova internetska stranica je djelomi\u010dno u skladu sa Zakonom zbog neuskla\u0111enosti koje su navedene u nastavku:<\/p>\n\n\n\n<ul class=\"wp-block-list\">\n<li>pojedine pdf datoteke sadr\u017eane u objavama nisu u cijelosti nastale izvozom iz izvori\u0161ne datoteke iz alata Microsoft Office Word uz odabir opcija za pristupa\u010dnost, ve\u0107 skeniranjem tiskanih dokumenata, odnosno nisu pristupa\u010dne jer nisu prikladno pripremljene za \u010dita\u010de ekrana,<\/li>\n\n\n\n<li>dio slika i datoteka nema prikladan tekstualni opis (alt tekst),<\/li>\n\n\n\n<li>doc i ppt datoteke su isklju\u010divo datoteke za preuzimanje,<\/li>\n\n\n\n<li>dio poveznica ne sadr\u017ee prikladne tekstualne opise.<\/li>\n<\/ul>\n\n\n\n<p><strong>Priprema ove izjave o pristupa\u010dnosti<\/strong><\/p>\n\n\n\n<p>Ova je izjava sastavljena je 29. prosinca 2023. godine temeljem samoprocjene koju je proveo Hrvatski Crveni kri\u017e \u2013 Gradsko dru\u0161tvo Crvenog kri\u017ea Bjelovar.<\/p>\n\n\n\n<p>Izjava je zadnji put preispitana 29. prosinca 2023. godine. Gradsko dru\u0161tvo Crvenog kri\u017ea Bjelovar \u0107e redovito revidirati ovu izjavu po otklanjanju razloga zbog kojih su pojedini sadr\u017eaji bili nepristupa\u010dni.<\/p>\n\n\n\n<p><strong>Povratne informacije i podaci za kontakt<\/strong><\/p>\n\n\n\n<p>Podno\u0161enjem zahtjeva Hrvatskom Crvenom kri\u017eu \u2013 Gradskom dru\u0161tvu Crvenog kri\u017ea Bjelovar mo\u017eete dobiti povratne informacije i\/ili prijaviti uo\u010dene nepravilnosti u smislu Zakona o pristupa\u010dnosti mre\u017enih stranica i programskih rje\u0161enja za pokretne ure\u0111aje tijela javnog sektora (NN 17\/19) i Direktive (EU) 2016\/2012 Europskog parlamenta i Vije\u0107a.<\/p>\n\n\n\n<p>Zahtjev mo\u017eete podnijeti slu\u017ebeniku za informiranje Hrvatskog Crvenog kri\u017ea \u2013 Gradskog dru\u0161tva Crvenog kri\u017ea Bjelovar i to:<\/p>\n\n\n\n<p>telefonom na broj: 043 410-100,<\/p>\n\n\n\n<p>elektroni\u010dkom po\u0161tom slu\u017ebeniku za informiranje: gdck.bjelovar@gmail.com,<\/p>\n\n\n\n<p>po\u0161tom na adresu: GDCK Bjelovar, 108.puka 1, 43 000 Bjelovar<\/p>\n\n\n\n<p><strong>Postupak pra\u0107enja provedbe propisa<\/strong><\/p>\n\n\n\n<p>Nadzor nad provedbom Zakona o pristupa\u010dnosti mre\u017enih stranica i programskih rje\u0161enja za pokretne ure\u0111aje tijela javnog sektora (NN 17\/19) obavlja Povjerenik za informiranje Republike Hrvatske.<\/p>\n\n\n\n<p>Inspekcijski nadzor nad provedbom Zakona o pristupa\u010dnosti mre\u017enih stranica i programskih rje\u0161enja za pokretne ure\u0111aje tijela javnog sektora (NN 17\/19) obavljaju inspektori i drugi ovla\u0161teni slu\u017ebenici Ureda povjerenika.<\/p>\n\n\n\n<p>Na nadzor se primjenjuju odredbe Zakona o pravu na pristup informacijama (NN 25\/13 i 85\/15)<\/p>\n\n\n\n<p>U slu\u010daju nezadovoljavaju\u0107ih odgovora na obavijest ili zahtjev za povratne informacije o pristupa\u010dnosti ove mre\u017ene stranica, korisnici se mogu obratiti Povjereniku za informiranje<\/p>\n\n\n\n<ul class=\"wp-block-list\">\n<li>telefonom na broj: 01 4609 041<\/li>\n\n\n\n<li>po\u0161tom na adresu: Juri\u0161i\u0107eva 19, 10000 Zagreb, Hrvatska<\/li>\n\n\n\n<li>elektroni\u010dkom po\u0161tom:\u00a0<a href=\"mailto:pristupacnost@pristupinfo.hr\">pristupacnost@pristupinfo.hr<\/a><\/li>\n<\/ul>\n\n\n\n<p><\/p>\n","protected":false},"excerpt":{"rendered":"<p>Pravo na pristup informacijama koje posjeduje, raspola\u017ee ili nadzire Gradsko dru\u0161tvo Crvenog kri\u017ea Bjelovar ure\u0111eno je Zakonom o pravu na pristup informacijama (NN 25\/13).&nbsp; Zakonom se propisuju i na\u010dela prava [&hellip;]<\/p>\n","protected":false},"author":1,"featured_media":0,"parent":0,"menu_order":0,"comment_status":"closed","ping_status":"closed","template":"","meta":{"ocean_post_layout":"full-width","ocean_both_sidebars_style":"","ocean_both_sidebars_content_width":0,"ocean_both_sidebars_sidebars_width":0,"ocean_sidebar":"","ocean_second_sidebar":"","ocean_disable_margins":"enable","ocean_add_body_class":"","ocean_shortcode_before_top_bar":"","ocean_shortcode_after_top_bar":"","ocean_shortcode_before_header":"","ocean_shortcode_after_header":"","ocean_has_shortcode":"","ocean_shortcode_after_title":"","ocean_shortcode_before_footer_widgets":"","ocean_shortcode_after_footer_widgets":"","ocean_shortcode_before_footer_bottom":"","ocean_shortcode_after_footer_bottom":"","ocean_display_top_bar":"default","ocean_display_header":"default","ocean_header_style":"","ocean_center_header_left_menu":"","ocean_custom_header_template":"","ocean_custom_logo":0,"ocean_custom_retina_logo":0,"ocean_custom_logo_max_width":0,"ocean_custom_logo_tablet_max_width":0,"ocean_custom_logo_mobile_max_width":0,"ocean_custom_logo_max_height":0,"ocean_custom_logo_tablet_max_height":0,"ocean_custom_logo_mobile_max_height":0,"ocean_header_custom_menu":"","ocean_menu_typo_font_family":"","ocean_menu_typo_font_subset":"","ocean_menu_typo_font_size":0,"ocean_menu_typo_font_size_tablet":0,"ocean_menu_typo_font_size_mobile":0,"ocean_menu_typo_font_size_unit":"px","ocean_menu_typo_font_weight":"","ocean_menu_typo_font_weight_tablet":"","ocean_menu_typo_font_weight_mobile":"","ocean_menu_typo_transform":"","ocean_menu_typo_transform_tablet":"","ocean_menu_typo_transform_mobile":"","ocean_menu_typo_line_height":0,"ocean_menu_typo_line_height_tablet":0,"ocean_menu_typo_line_height_mobile":0,"ocean_menu_typo_line_height_unit":"","ocean_menu_typo_spacing":0,"ocean_menu_typo_spacing_tablet":0,"ocean_menu_typo_spacing_mobile":0,"ocean_menu_typo_spacing_unit":"","ocean_menu_link_color":"","ocean_menu_link_color_hover":"","ocean_menu_link_color_active":"","ocean_menu_link_background":"","ocean_menu_link_hover_background":"","ocean_menu_link_active_background":"","ocean_menu_social_links_bg":"","ocean_menu_social_hover_links_bg":"","ocean_menu_social_links_color":"","ocean_menu_social_hover_links_color":"","ocean_disable_title":"default","ocean_disable_heading":"default","ocean_post_title":"","ocean_post_subheading":"","ocean_post_title_style":"","ocean_post_title_background_color":"","ocean_post_title_background":0,"ocean_post_title_bg_image_position":"","ocean_post_title_bg_image_attachment":"","ocean_post_title_bg_image_repeat":"","ocean_post_title_bg_image_size":"","ocean_post_title_height":0,"ocean_post_title_bg_overlay":0.5,"ocean_post_title_bg_overlay_color":"","ocean_disable_breadcrumbs":"default","ocean_breadcrumbs_color":"","ocean_breadcrumbs_separator_color":"","ocean_breadcrumbs_links_color":"","ocean_breadcrumbs_links_hover_color":"","ocean_display_footer_widgets":"default","ocean_display_footer_bottom":"default","ocean_custom_footer_template":"","footnotes":""},"class_list":["post-45","page","type-page","status-publish","hentry","entry"],"_links":{"self":[{"href":"https:\/\/dckbbz.hr\/gdck-bjelovar\/wp-json\/wp\/v2\/pages\/45","targetHints":{"allow":["GET"]}}],"collection":[{"href":"https:\/\/dckbbz.hr\/gdck-bjelovar\/wp-json\/wp\/v2\/pages"}],"about":[{"href":"https:\/\/dckbbz.hr\/gdck-bjelovar\/wp-json\/wp\/v2\/types\/page"}],"author":[{"embeddable":true,"href":"https:\/\/dckbbz.hr\/gdck-bjelovar\/wp-json\/wp\/v2\/users\/1"}],"replies":[{"embeddable":true,"href":"https:\/\/dckbbz.hr\/gdck-bjelovar\/wp-json\/wp\/v2\/comments?post=45"}],"version-history":[{"count":3,"href":"https:\/\/dckbbz.hr\/gdck-bjelovar\/wp-json\/wp\/v2\/pages\/45\/revisions"}],"predecessor-version":[{"id":275,"href":"https:\/\/dckbbz.hr\/gdck-bjelovar\/wp-json\/wp\/v2\/pages\/45\/revisions\/275"}],"wp:attachment":[{"href":"https:\/\/dckbbz.hr\/gdck-bjelovar\/wp-json\/wp\/v2\/media?parent=45"}],"curies":[{"name":"wp","href":"https:\/\/api.w.org\/{rel}","templated":true}]}}