{"id":26,"date":"2025-06-09T13:35:37","date_gmt":"2025-06-09T11:35:37","guid":{"rendered":"https:\/\/dckbbz.hr\/gdck-cazma\/?page_id=26"},"modified":"2025-06-15T11:22:46","modified_gmt":"2025-06-15T09:22:46","slug":"pristup-informacijama","status":"publish","type":"page","link":"https:\/\/dckbbz.hr\/gdck-cazma\/pristup-informacijama\/","title":{"rendered":"Pristup informacijama"},"content":{"rendered":"\n<p>Pravo na pristup informacijama koje posjeduje, raspola\u017ee ili nadzire Gradsko dru\u0161tvo Crvenog kri\u017ea \u010cazma ure\u0111eno je Zakonom o pravu na pristup informacijama (NN 25\/13). Zakonom se propisuju i na\u010dela prava na pristup, izuzeci od prava na pristup te postupak za ostvarivanje i za\u0161titu prava na pristup informacijama. Cilj zakona je omogu\u0107iti i osigurati informaciju fizi\u010dkim i pravnim osobama putem otvorenosti i javnosti djelovanja tijela javne vlasti, sukladno zakonu.<\/p>\n\n\n\n<p>Pravo na pristup informacijama sukladno \u010dlanku 5. stavku 1. to\u010dki 5. Zakona \u201eobuhva\u0107a pravo korisnika na tra\u017eenje i dobivanje informacije, kao i obvezu tijela javne vlasti da omogu\u0107i pristup zatra\u017eenoj informaciji, odnosno da objavljuje informacije neovisno o postavljenom zahtjevu kada takvo objavljivanje proizlazi iz obveze odre\u0111ene zakonom ili drugim propisom\u201c.<\/p>\n\n\n\n<p>Informacija, u smislu navedenog Zakona (\u010dlanak 5. stavak 1. to\u010dka 3.), predstavlja \u201esvaki podatak koji posjeduje tijelo javne vlasti u obliku dokumenta, zapisa, dosjea, registra, neovisno o na\u010dinu na koji je prikazan (napisani, nacrtani, tiskani, snimljeni, magnetni, opti\u010dki, elektroni\u010dki ili neki drugi zapis), koji je tijelo izradilo samo ili u suradnji s drugim tijelima ili dobilo od druge osobe, a nastao je u okviru djelokruga ili u vezi s organizacijom i radom tijela javne vlasti\u201c.<\/p>\n\n\n\n<p>Ponovna uporaba informacija, u skladu s \u010dlankom 5. stavkom 1. to\u010dkom 6. Zakona \u201ezna\u010di uporabu informacija tijela javne vlasti od strane fizi\u010dkih ili pravnih osoba, u komercijalnu ili nekomercijalnu svrhu razli\u010ditu od izvorne svrhe za koju su informacije nastale, a koja se ostvaruje u okviru zakonom ili drugim propisom odre\u0111enog djelokruga ili posla koji se uobi\u010dajeno smatra javnim poslom. Razmjena informacija izme\u0111u tijela javne vlasti radi obavljanja poslova iz njihova djelokruga ne predstavlja ponovnu uporabu\u201c.<\/p>\n\n\n\n<p>Slu\u017ebenik za informiranje je Sudarevi\u0107 Marijan.<\/p>\n\n\n\n<p>Pravo na informaciju ostvaruje se podno\u0161enjem zahtjeva Gradskom dru\u0161tvu Crvenog kri\u017ea \u010cazma:<\/p>\n\n\n\n<p>\u2013 po\u0161tom na adresu: Milana Nova\u010di\u0107a 5, 43240 \u010cazma<\/p>\n\n\n\n<p>\u2013 putem telefona na broj: 043 771 148<\/p>\n\n\n\n<p>\u2013 na fax broj: 043 771 148<\/p>\n\n\n\n<p>\u2013 elektroni\u010dkom po\u0161tom na: ckcazma@gmail.com<\/p>\n\n\n\n<p>Obrasce zahtjeva za pristup informacijama Gradskog dru\u0161tva Crvenog kri\u017ea \u010cazma mo\u017eete preuzeti na slijede\u0107im poveznicama:<\/p>\n\n\n\n<p>NOVI-Obrazac-2-Zahtjev-za-pristup-informacijama1<\/p>\n\n\n\n<p>NOVI-Obrazac-3-Zahtjev-za-dopunu-ili-ispravak-informacije-11<\/p>\n\n\n\n<p>NOVI-Obrazac-4-Zahtjev-za-ponovnu-uporabu-informacija1<\/p>\n\n\n\n<p>Tijelo javne vlasti ima pravo na naknadu stvarnih materijalnih tro\u0161kova od podnositelja zahtjeva u svezi s pru\u017eanjem i dostavom tra\u017eene informacije. Visina naknade za pristup informacijama i na\u010din naplate naknade propisani su Kriterijima za odre\u0111ivanje visine naknade stvarnih materijalnih tro\u0161kova i tro\u0161kova dostave informacije (NN 12\/2014) od 24. sije\u010dnja 2014. godine.<\/p>\n\n\n\n<p>Kriteriji za odre\u0111ivanje visine naknade stvarnih materijalnih tro\u0161kova i tro\u0161kova dostave informacije (NN 12\/2014)<\/p>\n\n\n\n<p><\/p>\n","protected":false},"excerpt":{"rendered":"<p>Pravo na pristup informacijama koje posjeduje, raspola\u017ee ili nadzire Gradsko dru\u0161tvo Crvenog kri\u017ea \u010cazma ure\u0111eno je Zakonom o pravu na pristup informacijama (NN 25\/13). Zakonom se propisuju i na\u010dela prava [&hellip;]<\/p>\n","protected":false},"author":1,"featured_media":0,"parent":0,"menu_order":0,"comment_status":"closed","ping_status":"closed","template":"","meta":{"ocean_post_layout":"","ocean_both_sidebars_style":"","ocean_both_sidebars_content_width":0,"ocean_both_sidebars_sidebars_width":0,"ocean_sidebar":"","ocean_second_sidebar":"","ocean_disable_margins":"enable","ocean_add_body_class":"","ocean_shortcode_before_top_bar":"","ocean_shortcode_after_top_bar":"","ocean_shortcode_before_header":"","ocean_shortcode_after_header":"","ocean_has_shortcode":"","ocean_shortcode_after_title":"","ocean_shortcode_before_footer_widgets":"","ocean_shortcode_after_footer_widgets":"","ocean_shortcode_before_footer_bottom":"","ocean_shortcode_after_footer_bottom":"","ocean_display_top_bar":"default","ocean_display_header":"default","ocean_header_style":"","ocean_center_header_left_menu":"","ocean_custom_header_template":"","ocean_custom_logo":0,"ocean_custom_retina_logo":0,"ocean_custom_logo_max_width":0,"ocean_custom_logo_tablet_max_width":0,"ocean_custom_logo_mobile_max_width":0,"ocean_custom_logo_max_height":0,"ocean_custom_logo_tablet_max_height":0,"ocean_custom_logo_mobile_max_height":0,"ocean_header_custom_menu":"","ocean_menu_typo_font_family":"","ocean_menu_typo_font_subset":"","ocean_menu_typo_font_size":0,"ocean_menu_typo_font_size_tablet":0,"ocean_menu_typo_font_size_mobile":0,"ocean_menu_typo_font_size_unit":"px","ocean_menu_typo_font_weight":"","ocean_menu_typo_font_weight_tablet":"","ocean_menu_typo_font_weight_mobile":"","ocean_menu_typo_transform":"","ocean_menu_typo_transform_tablet":"","ocean_menu_typo_transform_mobile":"","ocean_menu_typo_line_height":0,"ocean_menu_typo_line_height_tablet":0,"ocean_menu_typo_line_height_mobile":0,"ocean_menu_typo_line_height_unit":"","ocean_menu_typo_spacing":0,"ocean_menu_typo_spacing_tablet":0,"ocean_menu_typo_spacing_mobile":0,"ocean_menu_typo_spacing_unit":"","ocean_menu_link_color":"","ocean_menu_link_color_hover":"","ocean_menu_link_color_active":"","ocean_menu_link_background":"","ocean_menu_link_hover_background":"","ocean_menu_link_active_background":"","ocean_menu_social_links_bg":"","ocean_menu_social_hover_links_bg":"","ocean_menu_social_links_color":"","ocean_menu_social_hover_links_color":"","ocean_disable_title":"default","ocean_disable_heading":"default","ocean_post_title":"","ocean_post_subheading":"","ocean_post_title_style":"","ocean_post_title_background_color":"","ocean_post_title_background":0,"ocean_post_title_bg_image_position":"","ocean_post_title_bg_image_attachment":"","ocean_post_title_bg_image_repeat":"","ocean_post_title_bg_image_size":"","ocean_post_title_height":0,"ocean_post_title_bg_overlay":0.5,"ocean_post_title_bg_overlay_color":"","ocean_disable_breadcrumbs":"default","ocean_breadcrumbs_color":"","ocean_breadcrumbs_separator_color":"","ocean_breadcrumbs_links_color":"","ocean_breadcrumbs_links_hover_color":"","ocean_display_footer_widgets":"default","ocean_display_footer_bottom":"default","ocean_custom_footer_template":"","footnotes":""},"class_list":["post-26","page","type-page","status-publish","hentry","entry"],"_links":{"self":[{"href":"https:\/\/dckbbz.hr\/gdck-cazma\/wp-json\/wp\/v2\/pages\/26","targetHints":{"allow":["GET"]}}],"collection":[{"href":"https:\/\/dckbbz.hr\/gdck-cazma\/wp-json\/wp\/v2\/pages"}],"about":[{"href":"https:\/\/dckbbz.hr\/gdck-cazma\/wp-json\/wp\/v2\/types\/page"}],"author":[{"embeddable":true,"href":"https:\/\/dckbbz.hr\/gdck-cazma\/wp-json\/wp\/v2\/users\/1"}],"replies":[{"embeddable":true,"href":"https:\/\/dckbbz.hr\/gdck-cazma\/wp-json\/wp\/v2\/comments?post=26"}],"version-history":[{"count":3,"href":"https:\/\/dckbbz.hr\/gdck-cazma\/wp-json\/wp\/v2\/pages\/26\/revisions"}],"predecessor-version":[{"id":88,"href":"https:\/\/dckbbz.hr\/gdck-cazma\/wp-json\/wp\/v2\/pages\/26\/revisions\/88"}],"wp:attachment":[{"href":"https:\/\/dckbbz.hr\/gdck-cazma\/wp-json\/wp\/v2\/media?parent=26"}],"curies":[{"name":"wp","href":"https:\/\/api.w.org\/{rel}","templated":true}]}}