{"id":15,"date":"2025-06-08T11:30:32","date_gmt":"2025-06-08T09:30:32","guid":{"rendered":"https:\/\/dckbbz.hr\/gdck-garesnica\/?page_id=15"},"modified":"2025-06-08T16:24:02","modified_gmt":"2025-06-08T14:24:02","slug":"dokumenti","status":"publish","type":"page","link":"https:\/\/dckbbz.hr\/gdck-garesnica\/dokumenti\/","title":{"rendered":"Dokumenti"},"content":{"rendered":"\t\t<div data-elementor-type=\"wp-page\" data-elementor-id=\"15\" class=\"elementor elementor-15\">\n\t\t\t\t<div class=\"elementor-element elementor-element-88da360 e-flex e-con-boxed e-con e-parent\" data-id=\"88da360\" data-element_type=\"container\" data-e-type=\"container\">\n\t\t\t\t\t<div class=\"e-con-inner\">\n\t\t\t\t<div class=\"elementor-element elementor-element-ff91f3c elementor-widget elementor-widget-text-editor\" data-id=\"ff91f3c\" data-element_type=\"widget\" data-e-type=\"widget\" data-widget_type=\"text-editor.default\">\n\t\t\t\t<div class=\"elementor-widget-container\">\n\t\t\t\t\t\t\t\t\tKliknite na redak kako bi se prikazale informacije.\t\t\t\t\t\t\t\t<\/div>\n\t\t\t\t<\/div>\n\t\t\t\t<div class=\"elementor-element elementor-element-e504132 elementor-widget elementor-widget-shortcode\" data-id=\"e504132\" data-element_type=\"widget\" data-e-type=\"widget\" data-widget_type=\"shortcode.default\">\n\t\t\t\t<div class=\"elementor-widget-container\">\n\t\t\t\t\t\t\t<div class=\"elementor-shortcode\"><div class=\"pa-accordion\">\n            <div class=\"pa-accordion-item\">\n                <button class=\"pa-toggle\" data-target=\"pa-content-67\">Zakoni i propisi<\/button>\n                <div id=\"pa-content-67\" class=\"pa-content\" style=\"display:none;\">\n                    \n<ul class=\"wp-block-list\">\n<li><a href=\"https:\/\/dckbbz.hr\/gdck-garesnica\/wp-content\/uploads\/sites\/5\/2025\/06\/POPIS-GRADIVA-S-ROKOVIMA-CUVANJA-gdck.pdf\" data-type=\"attachment\" data-id=\"68\" target=\"_blank\" rel=\"noreferrer noopener\">Popis gradiva s rokovima \u010duvanja<\/a><\/li>\n\n\n\n<li><a href=\"https:\/\/dckbbz.hr\/gdck-garesnica\/wp-content\/uploads\/sites\/5\/2025\/06\/Pravila-za-upr.-dok.-gradivom-1.pdf\" data-type=\"attachment\" data-id=\"69\" target=\"_blank\" rel=\"noreferrer noopener\">Pravila za upr. Dok. Gradivom<\/a><\/li>\n\n\n\n<li><a href=\"https:\/\/dckbbz.hr\/gdck-garesnica\/wp-content\/uploads\/sites\/5\/2025\/06\/RJESENJE-O-SUGLASNOSTI-1.pdf\" data-type=\"attachment\" data-id=\"70\" target=\"_blank\" rel=\"noreferrer noopener\">Rje\u0161enje o suglasnosti<\/a><\/li>\n\n\n\n<li><a href=\"https:\/\/www.zakon.hr\/z\/261\/zakon-o-hrvatskom-crvenom-krizu\" data-type=\"link\" data-id=\"https:\/\/www.zakon.hr\/z\/261\/zakon-o-hrvatskom-crvenom-krizu\" target=\"_blank\" rel=\"noreferrer noopener\">Zakon o hrvatskom crvenom kri\u017eu<\/a><\/li>\n\n\n\n<li><a href=\"https:\/\/www.zakon.hr\/z\/64\/zakon-o-udrugama\" data-type=\"link\" data-id=\"https:\/\/www.zakon.hr\/z\/64\/zakon-o-udrugama\" target=\"_blank\" rel=\"noreferrer noopener\">Zakon o udrugama<\/a><\/li>\n\n\n\n<li><a href=\"https:\/\/www.hck.hr\/UserDocsImages\/dokumenti\/Pristup%20informacijama\/Dokumenti,%20zakonski%20i%20podzakonski%20akti\/Eti%C4%8Dki%20kodeks%20HCK,%2015.12.20.pdf?vel=1462698\" data-type=\"link\" data-id=\"https:\/\/www.hck.hr\/UserDocsImages\/dokumenti\/Pristup%20informacijama\/Dokumenti,%20zakonski%20i%20podzakonski%20akti\/Eti%C4%8Dki%20kodeks%20HCK,%2015.12.20.pdf?vel=1462698\" target=\"_blank\" rel=\"noreferrer noopener\">Eti\u010dki kodeks HCK<\/a><\/li>\n\n\n\n<li><a href=\"https:\/\/narodne-novine.nn.hr\/clanci\/sluzbeni\/2011_02_18_322.html\" data-type=\"link\" data-id=\"https:\/\/narodne-novine.nn.hr\/clanci\/sluzbeni\/2011_02_18_322.html\" target=\"_blank\" rel=\"noreferrer noopener\">Pravilnik o na\u010dinima I rokovima pla\u0107anja sredstava iz prihoda jedinica lokalne (podru\u010dne) samouprave za rad ustrojstvenih oblika HCK<\/a><\/li>\n\n\n\n<li><a href=\"https:\/\/www.hck.hr\/UserDocsImages\/vijesti\/2025\/Sijecanj%202025\/Kuharic%20dokumenti\/Pravilnik%20o%20izborima%20u%20HCK,%208.5.20.pdf?vel=617232\" data-type=\"link\" data-id=\"https:\/\/www.hck.hr\/UserDocsImages\/vijesti\/2025\/Sijecanj%202025\/Kuharic%20dokumenti\/Pravilnik%20o%20izborima%20u%20HCK,%208.5.20.pdf?vel=617232\" target=\"_blank\" rel=\"noreferrer noopener\">Pravilnik o izborima u HCK<\/a><\/li>\n\n\n\n<li><a href=\"https:\/\/www.hck.hr\/UserDocsImages\/vijesti\/2025\/Pravilnik%20o%20volontiranju%20u%20Hrvatskom%20Crvenom%20kri%C5%BEu,%2016.05.25.pdf?vel=532929\" data-type=\"link\" data-id=\"https:\/\/www.hck.hr\/UserDocsImages\/vijesti\/2025\/Pravilnik%20o%20volontiranju%20u%20Hrvatskom%20Crvenom%20kri%C5%BEu,%2016.05.25.pdf?vel=532929\" target=\"_blank\" rel=\"noreferrer noopener\">Pravilnik o volontiranju u HCK<\/a><\/li>\n\n\n\n<li><a href=\"https:\/\/www.hck.hr\/UserDocsImages\/vijesti\/2025\/Pravilnik%20o%20radu%20mladih%20Hrvatskog%20Crvenog%20kri%C5%BEa,%2017.05.2025.pdf?vel=492071\" data-type=\"link\" data-id=\"https:\/\/www.hck.hr\/UserDocsImages\/vijesti\/2025\/Pravilnik%20o%20radu%20mladih%20Hrvatskog%20Crvenog%20kri%C5%BEa,%2017.05.2025.pdf?vel=492071\" target=\"_blank\" rel=\"noreferrer noopener\">Pravilnik o radu mladih HCK<\/a><\/li>\n\n\n\n<li><a href=\"https:\/\/www.hck.hr\/UserDocsImages\/dokumenti\/Pristup%20informacijama\/Dokumenti,%20zakonski%20i%20podzakonski%20akti\/01_Pravila%20zastite%20osobnih%20podataka,%2025.5.18.pdf?vel=210638\" data-type=\"link\" data-id=\"https:\/\/www.hck.hr\/UserDocsImages\/dokumenti\/Pristup%20informacijama\/Dokumenti,%20zakonski%20i%20podzakonski%20akti\/01_Pravila%20zastite%20osobnih%20podataka,%2025.5.18.pdf?vel=210638\" target=\"_blank\" rel=\"noreferrer noopener\">Pravila za\u0161tite osobnih podataka I privatnosti<\/a><\/li>\n<\/ul>\n\n\n\n<p><\/p>\n\n                <\/div>\n            <\/div>\n            <div class=\"pa-accordion-item\">\n                <button class=\"pa-toggle\" data-target=\"pa-content-71\">2020.<\/button>\n                <div id=\"pa-content-71\" class=\"pa-content\" style=\"display:none;\">\n                    \n<ul class=\"wp-block-list\">\n<li><a href=\"https:\/\/dckbbz.hr\/gdck-garesnica\/wp-content\/uploads\/sites\/5\/2025\/06\/ZAPISNIK-rujan-2020.pdf\" data-type=\"attachment\" data-id=\"73\" target=\"_blank\" rel=\"noreferrer noopener\">Zapisnik Rujan<\/a><\/li>\n\n\n\n<li><a href=\"https:\/\/dckbbz.hr\/gdck-garesnica\/wp-content\/uploads\/sites\/5\/2025\/06\/ZAPISNIK-prosinac-2020.pdf\" data-type=\"attachment\" data-id=\"72\" target=\"_blank\" rel=\"noreferrer noopener\">Zapisnik Prosinac<\/a><\/li>\n<\/ul>\n\n\n\n<p><\/p>\n\n                <\/div>\n            <\/div><\/div><\/div>\n\t\t\t\t\t\t<\/div>\n\t\t\t\t<\/div>\n\t\t\t\t\t<\/div>\n\t\t\t\t<\/div>\n\t\t\t\t<\/div>\n\t\t","protected":false},"excerpt":{"rendered":"<p>Kliknite na redak kako bi se prikazale informacije.<\/p>\n","protected":false},"author":1,"featured_media":0,"parent":0,"menu_order":0,"comment_status":"closed","ping_status":"closed","template":"","meta":{"ocean_post_layout":"","ocean_both_sidebars_style":"","ocean_both_sidebars_content_width":0,"ocean_both_sidebars_sidebars_width":0,"ocean_sidebar":"","ocean_second_sidebar":"","ocean_disable_margins":"enable","ocean_add_body_class":"","ocean_shortcode_before_top_bar":"","ocean_shortcode_after_top_bar":"","ocean_shortcode_before_header":"","ocean_shortcode_after_header":"","ocean_has_shortcode":"","ocean_shortcode_after_title":"","ocean_shortcode_before_footer_widgets":"","ocean_shortcode_after_footer_widgets":"","ocean_shortcode_before_footer_bottom":"","ocean_shortcode_after_footer_bottom":"","ocean_display_top_bar":"default","ocean_display_header":"default","ocean_header_style":"","ocean_center_header_left_menu":"","ocean_custom_header_template":"","ocean_custom_logo":0,"ocean_custom_retina_logo":0,"ocean_custom_logo_max_width":0,"ocean_custom_logo_tablet_max_width":0,"ocean_custom_logo_mobile_max_width":0,"ocean_custom_logo_max_height":0,"ocean_custom_logo_tablet_max_height":0,"ocean_custom_logo_mobile_max_height":0,"ocean_header_custom_menu":"","ocean_menu_typo_font_family":"","ocean_menu_typo_font_subset":"","ocean_menu_typo_font_size":0,"ocean_menu_typo_font_size_tablet":0,"ocean_menu_typo_font_size_mobile":0,"ocean_menu_typo_font_size_unit":"px","ocean_menu_typo_font_weight":"","ocean_menu_typo_font_weight_tablet":"","ocean_menu_typo_font_weight_mobile":"","ocean_menu_typo_transform":"","ocean_menu_typo_transform_tablet":"","ocean_menu_typo_transform_mobile":"","ocean_menu_typo_line_height":0,"ocean_menu_typo_line_height_tablet":0,"ocean_menu_typo_line_height_mobile":0,"ocean_menu_typo_line_height_unit":"","ocean_menu_typo_spacing":0,"ocean_menu_typo_spacing_tablet":0,"ocean_menu_typo_spacing_mobile":0,"ocean_menu_typo_spacing_unit":"","ocean_menu_link_color":"","ocean_menu_link_color_hover":"","ocean_menu_link_color_active":"","ocean_menu_link_background":"","ocean_menu_link_hover_background":"","ocean_menu_link_active_background":"","ocean_menu_social_links_bg":"","ocean_menu_social_hover_links_bg":"","ocean_menu_social_links_color":"","ocean_menu_social_hover_links_color":"","ocean_disable_title":"default","ocean_disable_heading":"default","ocean_post_title":"","ocean_post_subheading":"","ocean_post_title_style":"","ocean_post_title_background_color":"","ocean_post_title_background":0,"ocean_post_title_bg_image_position":"","ocean_post_title_bg_image_attachment":"","ocean_post_title_bg_image_repeat":"","ocean_post_title_bg_image_size":"","ocean_post_title_height":0,"ocean_post_title_bg_overlay":0.5,"ocean_post_title_bg_overlay_color":"","ocean_disable_breadcrumbs":"default","ocean_breadcrumbs_color":"","ocean_breadcrumbs_separator_color":"","ocean_breadcrumbs_links_color":"","ocean_breadcrumbs_links_hover_color":"","ocean_display_footer_widgets":"default","ocean_display_footer_bottom":"default","ocean_custom_footer_template":"","footnotes":""},"class_list":["post-15","page","type-page","status-publish","hentry","entry"],"_links":{"self":[{"href":"https:\/\/dckbbz.hr\/gdck-garesnica\/wp-json\/wp\/v2\/pages\/15","targetHints":{"allow":["GET"]}}],"collection":[{"href":"https:\/\/dckbbz.hr\/gdck-garesnica\/wp-json\/wp\/v2\/pages"}],"about":[{"href":"https:\/\/dckbbz.hr\/gdck-garesnica\/wp-json\/wp\/v2\/types\/page"}],"author":[{"embeddable":true,"href":"https:\/\/dckbbz.hr\/gdck-garesnica\/wp-json\/wp\/v2\/users\/1"}],"replies":[{"embeddable":true,"href":"https:\/\/dckbbz.hr\/gdck-garesnica\/wp-json\/wp\/v2\/comments?post=15"}],"version-history":[{"count":3,"href":"https:\/\/dckbbz.hr\/gdck-garesnica\/wp-json\/wp\/v2\/pages\/15\/revisions"}],"predecessor-version":[{"id":76,"href":"https:\/\/dckbbz.hr\/gdck-garesnica\/wp-json\/wp\/v2\/pages\/15\/revisions\/76"}],"wp:attachment":[{"href":"https:\/\/dckbbz.hr\/gdck-garesnica\/wp-json\/wp\/v2\/media?parent=15"}],"curies":[{"name":"wp","href":"https:\/\/api.w.org\/{rel}","templated":true}]}}