{"id":4,"date":"2025-05-24T21:09:38","date_gmt":"2025-05-24T19:09:38","guid":{"rendered":"https:\/\/dckbbz.hr\/gdck-grubisno-polje\/document-library\/"},"modified":"2025-06-19T10:07:57","modified_gmt":"2025-06-19T08:07:57","slug":"opci-podaci","status":"publish","type":"page","link":"https:\/\/dckbbz.hr\/gdck-grubisno-polje\/opci-podaci\/","title":{"rendered":"Op\u0107i podaci"},"content":{"rendered":"\n<p class=\"has-text-align-center\">Adresa: 4. studenoga 1991. br. 1\/1<br>Grad: Grubi\u0161no Polje<br>Po\u0161tanski broj: 43 290<br>Ravnatelj: Alenka Soldan<br>Telefon: 043 485 129<br>Fax: 043 485 129<br>E-mail: hrvatski.crveni.kriz.grubisno.polje@bj.t-com.hr<\/p>\n\n\n\n<h2 class=\"wp-block-heading has-text-align-center\">Ustroj dru\u0161tva<\/h2>\n\n\n\n<p class=\"has-text-align-center\">1. PREDSJEDNIK DRU\u0160TVA IVAN NOVAK<br>2. POTPREDSJEDNICA: SONJA \u0110URI\u010cI\u0106<br>3. ZASTUPNICI U SKUP\u0160TINI : 17 ZASTUPNIKA&nbsp;<\/p>\n\n\n\n<p class=\"has-text-align-center\">1 ZDENKA \u0160TEFULINAC<br>2 MILORAD TOMI\u0106<br>3 KRISTINA GLOC<br>4 TIHANA \u010cVEK<br>5 MARIJAN LUKI\u0106<br>6 BO\u017dENA KRALJ<br>7 TOMISLAV GA\u0160I\u0106<br>8 FRANKA FRAN\u010cE\u0160EVI\u0106<br>9 SNJE\u017dANA \u0160ELI\u0160<br>10 BERNARDA FR\u010cA<br>11 SONJA \u0110URI\u010cI\u0106<br>12 INES VODVARKA<br>13 SONJA KULHAVI<br>14 IVICA ATLIJA<br>15 IVAN NOVAK<br>16 MATE KIRIN\u010cI\u0106<br>17 Alenka Soldan<br>4. \u010cLANOVI ODBORA : 7 \u010cLANOVA<\/p>\n\n\n\n<p class=\"has-text-align-center\">1 IVAN NOVAK \u2013 predsjednik<br>2 SONJA \u0110URI\u010cI\u0106 \u2013 potpredsjednik<br>3 MARIJAN LUKI\u0106<br>4 SONJA KULHAVI<br>5 FRANKA FRAN\u010cE\u0160EVI\u0106<br>6 SNJE\u017dANA \u0160ELI\u0160<br>7 TIHANA \u010cVEK<\/p>\n\n\n\n<p class=\"has-text-align-center\">5. \u010cLANOVI NADZORNOG ODBORA: 3 \u010cLANA&nbsp;<\/p>\n\n\n\n<p class=\"has-text-align-center\">1 MILORAD TOMI\u0106 \u2013 predsjednik<br>2 TOMISLAV GA\u0160I\u0106<br>3 INES VODVARKA<\/p>\n","protected":false},"excerpt":{"rendered":"<p>Adresa: 4. studenoga 1991. br. 1\/1Grad: Grubi\u0161no PoljePo\u0161tanski broj: 43 290Ravnatelj: Alenka SoldanTelefon: 043 485 129Fax: 043 485 129E-mail: hrvatski.crveni.kriz.grubisno.polje@bj.t-com.hr Ustroj dru\u0161tva 1. PREDSJEDNIK DRU\u0160TVA IVAN NOVAK2. POTPREDSJEDNICA: SONJA \u0110URI\u010cI\u01063. [&hellip;]<\/p>\n","protected":false},"author":1,"featured_media":0,"parent":0,"menu_order":0,"comment_status":"closed","ping_status":"closed","template":"","meta":{"ocean_post_layout":"","ocean_both_sidebars_style":"","ocean_both_sidebars_content_width":0,"ocean_both_sidebars_sidebars_width":0,"ocean_sidebar":"","ocean_second_sidebar":"","ocean_disable_margins":"enable","ocean_add_body_class":"","ocean_shortcode_before_top_bar":"","ocean_shortcode_after_top_bar":"","ocean_shortcode_before_header":"","ocean_shortcode_after_header":"","ocean_has_shortcode":"","ocean_shortcode_after_title":"","ocean_shortcode_before_footer_widgets":"","ocean_shortcode_after_footer_widgets":"","ocean_shortcode_before_footer_bottom":"","ocean_shortcode_after_footer_bottom":"","ocean_display_top_bar":"default","ocean_display_header":"default","ocean_header_style":"","ocean_center_header_left_menu":"","ocean_custom_header_template":"","ocean_custom_logo":0,"ocean_custom_retina_logo":0,"ocean_custom_logo_max_width":0,"ocean_custom_logo_tablet_max_width":0,"ocean_custom_logo_mobile_max_width":0,"ocean_custom_logo_max_height":0,"ocean_custom_logo_tablet_max_height":0,"ocean_custom_logo_mobile_max_height":0,"ocean_header_custom_menu":"","ocean_menu_typo_font_family":"","ocean_menu_typo_font_subset":"","ocean_menu_typo_font_size":0,"ocean_menu_typo_font_size_tablet":0,"ocean_menu_typo_font_size_mobile":0,"ocean_menu_typo_font_size_unit":"px","ocean_menu_typo_font_weight":"","ocean_menu_typo_font_weight_tablet":"","ocean_menu_typo_font_weight_mobile":"","ocean_menu_typo_transform":"","ocean_menu_typo_transform_tablet":"","ocean_menu_typo_transform_mobile":"","ocean_menu_typo_line_height":0,"ocean_menu_typo_line_height_tablet":0,"ocean_menu_typo_line_height_mobile":0,"ocean_menu_typo_line_height_unit":"","ocean_menu_typo_spacing":0,"ocean_menu_typo_spacing_tablet":0,"ocean_menu_typo_spacing_mobile":0,"ocean_menu_typo_spacing_unit":"","ocean_menu_link_color":"","ocean_menu_link_color_hover":"","ocean_menu_link_color_active":"","ocean_menu_link_background":"","ocean_menu_link_hover_background":"","ocean_menu_link_active_background":"","ocean_menu_social_links_bg":"","ocean_menu_social_hover_links_bg":"","ocean_menu_social_links_color":"","ocean_menu_social_hover_links_color":"","ocean_disable_title":"default","ocean_disable_heading":"default","ocean_post_title":"","ocean_post_subheading":"","ocean_post_title_style":"","ocean_post_title_background_color":"","ocean_post_title_background":0,"ocean_post_title_bg_image_position":"","ocean_post_title_bg_image_attachment":"","ocean_post_title_bg_image_repeat":"","ocean_post_title_bg_image_size":"","ocean_post_title_height":0,"ocean_post_title_bg_overlay":0.5,"ocean_post_title_bg_overlay_color":"","ocean_disable_breadcrumbs":"default","ocean_breadcrumbs_color":"","ocean_breadcrumbs_separator_color":"","ocean_breadcrumbs_links_color":"","ocean_breadcrumbs_links_hover_color":"","ocean_display_footer_widgets":"default","ocean_display_footer_bottom":"default","ocean_custom_footer_template":"","footnotes":""},"class_list":["post-4","page","type-page","status-publish","hentry","entry"],"_links":{"self":[{"href":"https:\/\/dckbbz.hr\/gdck-grubisno-polje\/wp-json\/wp\/v2\/pages\/4","targetHints":{"allow":["GET"]}}],"collection":[{"href":"https:\/\/dckbbz.hr\/gdck-grubisno-polje\/wp-json\/wp\/v2\/pages"}],"about":[{"href":"https:\/\/dckbbz.hr\/gdck-grubisno-polje\/wp-json\/wp\/v2\/types\/page"}],"author":[{"embeddable":true,"href":"https:\/\/dckbbz.hr\/gdck-grubisno-polje\/wp-json\/wp\/v2\/users\/1"}],"replies":[{"embeddable":true,"href":"https:\/\/dckbbz.hr\/gdck-grubisno-polje\/wp-json\/wp\/v2\/comments?post=4"}],"version-history":[{"count":2,"href":"https:\/\/dckbbz.hr\/gdck-grubisno-polje\/wp-json\/wp\/v2\/pages\/4\/revisions"}],"predecessor-version":[{"id":21,"href":"https:\/\/dckbbz.hr\/gdck-grubisno-polje\/wp-json\/wp\/v2\/pages\/4\/revisions\/21"}],"wp:attachment":[{"href":"https:\/\/dckbbz.hr\/gdck-grubisno-polje\/wp-json\/wp\/v2\/media?parent=4"}],"curies":[{"name":"wp","href":"https:\/\/api.w.org\/{rel}","templated":true}]}}